{"id":2975,"date":"2025-04-17T17:52:16","date_gmt":"2025-04-17T17:52:16","guid":{"rendered":"https:\/\/www.my-mindguide.com\/?post_type=product&#038;p=2975"},"modified":"2025-04-30T11:19:38","modified_gmt":"2025-04-30T11:19:38","slug":"kraft-der-vergebung","status":"publish","type":"product","link":"https:\/\/www.my-mindguide.com\/de\/produkt\/kraft-der-vergebung\/","title":{"rendered":"Kraft Der Vergebung"},"content":{"rendered":"<p>Entdecke die Kraft der Vergebung<\/p>\n<p>und w\u00e4hle den Weg der Heilung!<\/p>\n<p>Wie kannst du nach einer Trennung oder einem Verrat ohne Bitterkeit weitermachen? Suchst du nach einem praktischen Leitfaden, der dir hilft, an Traumata zu arbeiten und echte Vergebung zu erreichen?<\/p>\n<p>Willst du negative Emotionen loslassen und lernen Menschen zu vergeben, die dir Unrecht getan haben?<\/p>\n<p>Jetzt kann es gelingen!<\/p>\n<p>Das Buch &#8220;Kraft der Vergebung: Selbstvergebung \u00fcben&#8221; von Kurt Gassner -ist das inspirierende Buch zur \u00dcberwindung vergangener Traumata! .<\/p>\n<p>Inspiriert von seinem inneren Heilungsprozess und seiner Reise, vom erfahrenen Unternehmer zum Hypnotherapeuten und Meditations- und Yogalehrer, bietet Kurt Gassner, der Autor dieses Buches \u00fcber Vergebung, praktische ,neue Hilfen an.<\/p>\n<p>Entdecke die Segnungen der Vergebung f\u00fcr dich selbst und hilf deinen Lieben sich vom Kreislauf aus Schuld und S\u00fchne zu befreien. Er schreibt in einer einfachen, aber packenden Sprache und m\u00f6chte dich ermutigen, zu lernen, wie Vergebung dein Leben positiv ver\u00e4ndert:<br \/>\nFinde Frieden f\u00fcr deine Seele.<\/p>\n<p>.Am Ende dieses umfassenden motivierenden Buches mit 15 Kapiteln wirst du<\/p>\n<ul class=\"a-unordered-list a-vertical\">\n<li><span class=\"a-list-item\">Verstehen, wie Vergebung mit Heilung verbunden ist<\/span><\/li>\n<li><span class=\"a-list-item\">Erkennen wie die Beziehung zwischen dem T\u00e4ter, dem Opfer und dem Helfer funktioniert<\/span><\/li>\n<li><span class=\"a-list-item\">Befreit sein aus dem Teufelskreis der Negativit\u00e4t<\/span><\/li>\n<\/ul>\n<p>Entdecke die Kraft der Selbstvergebung und lerne Menschen um dich herum aus vollem Herzen zu vergeben einschlie\u00dflich deiner Familie, Freunde, Liebhaber, Kollegen, Partner &#8230;..<\/p>\n<p>Und das ist noch nicht alles! Durch seinen inspirierenden und zum Nachdenken anregenden Leitfaden teilt der Autor mit Ihnen eigene Heilungsprozesse und f\u00fchrt Sie durch seine eigenen Traumata und vergangenen Wunden.<u><br \/>\n<\/u><\/p>","protected":false},"excerpt":{"rendered":"<p>Vergebung heilt \u2013 dich selbst und andere. Ein praktischer Wegweiser zur inneren Freiheit.<\/p>\n<ul class=\"a-unordered-list a-nostyle a-vertical a-spacing-none detail-bullet-list\">\n<li><span class=\"a-list-item\"><span class=\"a-text-bold\">Sprache \u200f : \u200e\u00a0<\/span>Deutsch<\/span><\/li>\n<li><span class=\"a-list-item\"><span class=\"a-text-bold\">Dateigr\u00f6\u00dfe \u200f : \u200e\u00a0<\/span>3 MB<\/span><\/li>\n<li><span class=\"a-list-item\"><span class=\"a-text-bold\">Seitenzahl der Print-Ausgabe \u200f : \u200e\u00a0<\/span>149 Seiten<\/span><\/li>\n<\/ul>","protected":false},"featured_media":2973,"comment_status":"open","ping_status":"closed","template":"","meta":[],"product_brand":[],"product_cat":[41],"product_tag":[],"class_list":{"0":"post-2975","1":"product","2":"type-product","3":"status-publish","4":"has-post-thumbnail","6":"product_cat-selbsthilfe-ermachtigung","8":"first","9":"instock","10":"sale","11":"downloadable","12":"virtual","13":"purchasable","14":"product-type-simple"},"yoast_head":"<!-- This site is optimized with the Yoast SEO plugin v24.9 - https:\/\/yoast.com\/wordpress\/plugins\/seo\/ -->\n<title>Kraft der Vergebung | Selbsthilfe E-Book von Kurt Gassner | My-Mindguide.com<\/title>\n<meta name=\"description\" content=\"Entdecken Sie &#039;Kraft der Vergebung&#039; \u2013 ein inspirierendes Selbsthilfe E-Book von Kurt Gassner. Jetzt auf My-Mindguide.com erh\u00e4ltlich.\" \/>\n<meta name=\"robots\" content=\"index, follow, max-snippet:-1, max-image-preview:large, max-video-preview:-1\" \/>\n<link rel=\"canonical\" href=\"https:\/\/www.my-mindguide.com\/de\/produkt\/kraft-der-vergebung\/\" \/>\n<meta property=\"og:locale\" content=\"de_DE\" \/>\n<meta property=\"og:type\" content=\"article\" \/>\n<meta property=\"og:title\" content=\"Kraft der Vergebung | Selbsthilfe E-Book von Kurt Gassner | My-Mindguide.com\" \/>\n<meta property=\"og:description\" content=\"Entdecken Sie &#039;Kraft der Vergebung&#039; \u2013 ein inspirierendes Selbsthilfe E-Book von Kurt Gassner. Jetzt auf My-Mindguide.com erh\u00e4ltlich.\" \/>\n<meta property=\"og:url\" content=\"https:\/\/www.my-mindguide.com\/de\/produkt\/kraft-der-vergebung\/\" \/>\n<meta property=\"og:site_name\" content=\"My-Mindguide.com\" \/>\n<meta property=\"article:modified_time\" content=\"2025-04-30T11:19:38+00:00\" \/>\n<meta property=\"og:image\" content=\"https:\/\/www.my-mindguide.com\/wp-content\/uploads\/2025\/04\/Kraft-der-Ver.png\" \/>\n\t<meta property=\"og:image:width\" content=\"400\" \/>\n\t<meta property=\"og:image:height\" content=\"400\" \/>\n\t<meta property=\"og:image:type\" content=\"image\/png\" \/>\n<meta name=\"twitter:card\" content=\"summary_large_image\" \/>\n<meta name=\"twitter:label1\" content=\"Gesch\u00e4tzte Lesezeit\" \/>\n\t<meta name=\"twitter:data1\" content=\"2\u00a0Minuten\" \/>\n<script type=\"application\/ld+json\" class=\"yoast-schema-graph\">{\"@context\":\"https:\/\/schema.org\",\"@graph\":[{\"@type\":\"WebPage\",\"@id\":\"https:\/\/www.my-mindguide.com\/product\/kraft-der-vergebung\/\",\"url\":\"https:\/\/www.my-mindguide.com\/product\/kraft-der-vergebung\/\",\"name\":\"Kraft der Vergebung | Selbsthilfe E-Book von Kurt Gassner | My-Mindguide.com\",\"isPartOf\":{\"@id\":\"https:\/\/www.my-mindguide.com\/de\/#website\"},\"primaryImageOfPage\":{\"@id\":\"https:\/\/www.my-mindguide.com\/product\/kraft-der-vergebung\/#primaryimage\"},\"image\":{\"@id\":\"https:\/\/www.my-mindguide.com\/product\/kraft-der-vergebung\/#primaryimage\"},\"thumbnailUrl\":\"https:\/\/www.my-mindguide.com\/wp-content\/uploads\/2025\/04\/Kraft-der-Ver.png\",\"datePublished\":\"2025-04-17T17:52:16+00:00\",\"dateModified\":\"2025-04-30T11:19:38+00:00\",\"description\":\"Entdecken Sie 'Kraft der Vergebung' \u2013 ein inspirierendes Selbsthilfe E-Book von Kurt Gassner. Jetzt auf My-Mindguide.com erh\u00e4ltlich.\",\"breadcrumb\":{\"@id\":\"https:\/\/www.my-mindguide.com\/product\/kraft-der-vergebung\/#breadcrumb\"},\"inLanguage\":\"de\",\"potentialAction\":[{\"@type\":\"ReadAction\",\"target\":[\"https:\/\/www.my-mindguide.com\/product\/kraft-der-vergebung\/\"]}]},{\"@type\":\"ImageObject\",\"inLanguage\":\"de\",\"@id\":\"https:\/\/www.my-mindguide.com\/product\/kraft-der-vergebung\/#primaryimage\",\"url\":\"https:\/\/www.my-mindguide.com\/wp-content\/uploads\/2025\/04\/Kraft-der-Ver.png\",\"contentUrl\":\"https:\/\/www.my-mindguide.com\/wp-content\/uploads\/2025\/04\/Kraft-der-Ver.png\",\"width\":400,\"height\":400},{\"@type\":\"BreadcrumbList\",\"@id\":\"https:\/\/www.my-mindguide.com\/product\/kraft-der-vergebung\/#breadcrumb\",\"itemListElement\":[{\"@type\":\"ListItem\",\"position\":1,\"name\":\"Home\",\"item\":\"https:\/\/www.my-mindguide.com\/\"},{\"@type\":\"ListItem\",\"position\":2,\"name\":\"Shop\",\"item\":\"https:\/\/www.my-mindguide.com\/shop\/\"},{\"@type\":\"ListItem\",\"position\":3,\"name\":\"Kraft Der Vergebung\"}]},{\"@type\":\"WebSite\",\"@id\":\"https:\/\/www.my-mindguide.com\/de\/#website\",\"url\":\"https:\/\/www.my-mindguide.com\/de\/\",\"name\":\"My Mind Guide\",\"description\":\"Inspire! Create! Live!\",\"publisher\":{\"@id\":\"https:\/\/www.my-mindguide.com\/de\/#organization\"},\"potentialAction\":[{\"@type\":\"SearchAction\",\"target\":{\"@type\":\"EntryPoint\",\"urlTemplate\":\"https:\/\/www.my-mindguide.com\/de\/?s={search_term_string}\"},\"query-input\":{\"@type\":\"PropertyValueSpecification\",\"valueRequired\":true,\"valueName\":\"search_term_string\"}}],\"inLanguage\":\"de\"},{\"@type\":\"Organization\",\"@id\":\"https:\/\/www.my-mindguide.com\/de\/#organization\",\"name\":\"Kurt Friedrich Gassner Author\",\"url\":\"https:\/\/www.my-mindguide.com\/de\/\",\"logo\":{\"@type\":\"ImageObject\",\"inLanguage\":\"de\",\"@id\":\"https:\/\/www.my-mindguide.com\/de\/#\/schema\/logo\/image\/\",\"url\":\"https:\/\/www.my-mindguide.com\/wp-content\/uploads\/2021\/10\/logo.svg\",\"contentUrl\":\"https:\/\/www.my-mindguide.com\/wp-content\/uploads\/2021\/10\/logo.svg\",\"width\":491,\"height\":91,\"caption\":\"Kurt Friedrich Gassner Author\"},\"image\":{\"@id\":\"https:\/\/www.my-mindguide.com\/de\/#\/schema\/logo\/image\/\"},\"sameAs\":[\"https:\/\/www.instagram.com\/autormindguide\/\"]}]}<\/script>\n<!-- \/ Yoast SEO plugin. -->","yoast_head_json":{"title":"Kraft der Vergebung | Selbsthilfe E-Book von Kurt Gassner | My-Mindguide.com","description":"Entdecken Sie 'Kraft der Vergebung' \u2013 ein inspirierendes Selbsthilfe E-Book von Kurt Gassner. Jetzt auf My-Mindguide.com erh\u00e4ltlich.","robots":{"index":"index","follow":"follow","max-snippet":"max-snippet:-1","max-image-preview":"max-image-preview:large","max-video-preview":"max-video-preview:-1"},"canonical":"https:\/\/www.my-mindguide.com\/de\/produkt\/kraft-der-vergebung\/","og_locale":"de_DE","og_type":"article","og_title":"Kraft der Vergebung | Selbsthilfe E-Book von Kurt Gassner | My-Mindguide.com","og_description":"Entdecken Sie 'Kraft der Vergebung' \u2013 ein inspirierendes Selbsthilfe E-Book von Kurt Gassner. Jetzt auf My-Mindguide.com erh\u00e4ltlich.","og_url":"https:\/\/www.my-mindguide.com\/de\/produkt\/kraft-der-vergebung\/","og_site_name":"My-Mindguide.com","article_modified_time":"2025-04-30T11:19:38+00:00","og_image":[{"width":400,"height":400,"url":"https:\/\/www.my-mindguide.com\/wp-content\/uploads\/2025\/04\/Kraft-der-Ver.png","type":"image\/png"}],"twitter_card":"summary_large_image","twitter_misc":{"Gesch\u00e4tzte Lesezeit":"2\u00a0Minuten"},"schema":{"@context":"https:\/\/schema.org","@graph":[{"@type":"WebPage","@id":"https:\/\/www.my-mindguide.com\/product\/kraft-der-vergebung\/","url":"https:\/\/www.my-mindguide.com\/product\/kraft-der-vergebung\/","name":"Kraft der Vergebung | Selbsthilfe E-Book von Kurt Gassner | My-Mindguide.com","isPartOf":{"@id":"https:\/\/www.my-mindguide.com\/de\/#website"},"primaryImageOfPage":{"@id":"https:\/\/www.my-mindguide.com\/product\/kraft-der-vergebung\/#primaryimage"},"image":{"@id":"https:\/\/www.my-mindguide.com\/product\/kraft-der-vergebung\/#primaryimage"},"thumbnailUrl":"https:\/\/www.my-mindguide.com\/wp-content\/uploads\/2025\/04\/Kraft-der-Ver.png","datePublished":"2025-04-17T17:52:16+00:00","dateModified":"2025-04-30T11:19:38+00:00","description":"Entdecken Sie 'Kraft der Vergebung' \u2013 ein inspirierendes Selbsthilfe E-Book von Kurt Gassner. Jetzt auf My-Mindguide.com erh\u00e4ltlich.","breadcrumb":{"@id":"https:\/\/www.my-mindguide.com\/product\/kraft-der-vergebung\/#breadcrumb"},"inLanguage":"de","potentialAction":[{"@type":"ReadAction","target":["https:\/\/www.my-mindguide.com\/product\/kraft-der-vergebung\/"]}]},{"@type":"ImageObject","inLanguage":"de","@id":"https:\/\/www.my-mindguide.com\/product\/kraft-der-vergebung\/#primaryimage","url":"https:\/\/www.my-mindguide.com\/wp-content\/uploads\/2025\/04\/Kraft-der-Ver.png","contentUrl":"https:\/\/www.my-mindguide.com\/wp-content\/uploads\/2025\/04\/Kraft-der-Ver.png","width":400,"height":400},{"@type":"BreadcrumbList","@id":"https:\/\/www.my-mindguide.com\/product\/kraft-der-vergebung\/#breadcrumb","itemListElement":[{"@type":"ListItem","position":1,"name":"Home","item":"https:\/\/www.my-mindguide.com\/"},{"@type":"ListItem","position":2,"name":"Shop","item":"https:\/\/www.my-mindguide.com\/shop\/"},{"@type":"ListItem","position":3,"name":"Kraft Der Vergebung"}]},{"@type":"WebSite","@id":"https:\/\/www.my-mindguide.com\/de\/#website","url":"https:\/\/www.my-mindguide.com\/de\/","name":"My Mind Guide","description":"Inspire! Create! Live!","publisher":{"@id":"https:\/\/www.my-mindguide.com\/de\/#organization"},"potentialAction":[{"@type":"SearchAction","target":{"@type":"EntryPoint","urlTemplate":"https:\/\/www.my-mindguide.com\/de\/?s={search_term_string}"},"query-input":{"@type":"PropertyValueSpecification","valueRequired":true,"valueName":"search_term_string"}}],"inLanguage":"de"},{"@type":"Organization","@id":"https:\/\/www.my-mindguide.com\/de\/#organization","name":"Kurt Friedrich Gassner Author","url":"https:\/\/www.my-mindguide.com\/de\/","logo":{"@type":"ImageObject","inLanguage":"de","@id":"https:\/\/www.my-mindguide.com\/de\/#\/schema\/logo\/image\/","url":"https:\/\/www.my-mindguide.com\/wp-content\/uploads\/2021\/10\/logo.svg","contentUrl":"https:\/\/www.my-mindguide.com\/wp-content\/uploads\/2021\/10\/logo.svg","width":491,"height":91,"caption":"Kurt Friedrich Gassner Author"},"image":{"@id":"https:\/\/www.my-mindguide.com\/de\/#\/schema\/logo\/image\/"},"sameAs":["https:\/\/www.instagram.com\/autormindguide\/"]}]}},"_links":{"self":[{"href":"https:\/\/www.my-mindguide.com\/de\/wp-json\/wp\/v2\/product\/2975","targetHints":{"allow":["GET"]}}],"collection":[{"href":"https:\/\/www.my-mindguide.com\/de\/wp-json\/wp\/v2\/product"}],"about":[{"href":"https:\/\/www.my-mindguide.com\/de\/wp-json\/wp\/v2\/types\/product"}],"replies":[{"embeddable":true,"href":"https:\/\/www.my-mindguide.com\/de\/wp-json\/wp\/v2\/comments?post=2975"}],"wp:featuredmedia":[{"embeddable":true,"href":"https:\/\/www.my-mindguide.com\/de\/wp-json\/wp\/v2\/media\/2973"}],"wp:attachment":[{"href":"https:\/\/www.my-mindguide.com\/de\/wp-json\/wp\/v2\/media?parent=2975"}],"wp:term":[{"taxonomy":"product_brand","embeddable":true,"href":"https:\/\/www.my-mindguide.com\/de\/wp-json\/wp\/v2\/product_brand?post=2975"},{"taxonomy":"product_cat","embeddable":true,"href":"https:\/\/www.my-mindguide.com\/de\/wp-json\/wp\/v2\/product_cat?post=2975"},{"taxonomy":"product_tag","embeddable":true,"href":"https:\/\/www.my-mindguide.com\/de\/wp-json\/wp\/v2\/product_tag?post=2975"}],"curies":[{"name":"wp","href":"https:\/\/api.w.org\/{rel}","templated":true}]}}