{"id":2964,"date":"2025-04-17T17:21:17","date_gmt":"2025-04-17T17:21:17","guid":{"rendered":"https:\/\/www.my-mindguide.com\/?post_type=product&#038;p=2964"},"modified":"2025-04-30T10:39:12","modified_gmt":"2025-04-30T10:39:12","slug":"das-chaos-beherrschen","status":"publish","type":"product","link":"https:\/\/www.my-mindguide.com\/de\/produkt\/das-chaos-beherrschen\/","title":{"rendered":"Das Chaos beherrschen"},"content":{"rendered":"<p><span class=\"a-text-bold a-text-italic\">F\u00e4llt es Ihnen schwer, mit Ver\u00e4nderungen in Ihrem Leben umzugehen?<\/span><\/p>\n<p><span class=\"a-text-bold a-text-italic\">Wussten Sie, wie Sie durch jede noch so chaotische Ver\u00e4nderung navigieren k\u00f6nnen?<\/span><\/p>\n<p><span class=\"a-text-bold a-text-italic\">Wussten Sie, dass es einen Schl\u00fcssel gibt, um die T\u00fcr des inneren Friedens und der Gl\u00fcckseligkeit zu \u00f6ffnen, der Sie durch jedes Chaos und jede Ver\u00e4nderung f\u00fchren wird? Ja! Und nur mit ihm kannst du der &#8221; Meister des Chaos und des Wandels&#8221; sein!<\/span><\/p>\n<p><span class=\"a-text-bold a-text-italic\">Wollen Sie diesen SCHL\u00dcSSEL FINDEN?\u00a0<\/span>Wenn ja, dann ist dieses Buch\u00a0<span class=\"a-text-bold\">genau das Richtige f\u00fcr Sie!<\/span><br \/>\nChaos und Ver\u00e4nderung sind, so sehr wir uns auch bem\u00fchen, unvermeidlich. Ob wir es wollen oder nicht, Chaos entsteht und Ver\u00e4nderung geschieht. Daf\u00fcr ist unsere Zustimmung nicht erforderlich. Die Akzeptanz dieser Tatsache ist f\u00fcr die pers\u00f6nliche Entwicklung und das Wachstum von gr\u00f6\u00dfter Bedeutung.<\/p>\n<p>Sich an Ver\u00e4nderungen anzupassen und mit dem Chaos in unserem Leben umzugehen, kann manchmal unm\u00f6glich erscheinen. Es scheint, als ob wir niemals in der Lage sein werden, die Auswirkungen und Ver\u00e4nderungen zu bew\u00e4ltigen, die durch unvorhergesehene oder pl\u00f6tzliche Ereignisse, die irgendwann in unserem Leben eintreten, verursacht werden. Aufgrund meiner langj\u00e4hrigen Erfahrung mit verschiedenen Pr\u00fcfungen und Schwierigkeiten sage ich Ihnen, dass &#8220;unm\u00f6glich&#8221; nur ein weiteres &#8220;unm\u00f6glich&#8221; ist. Und genau wie ich k\u00f6nnen Sie sich nach jedem R\u00fcckschlag wieder aufrappeln.<\/p>\n<p>Sie k\u00f6nnen vielleicht nicht immer kontrollieren, was Ihnen widerf\u00e4hrt, oder immer alles im Griff haben. Wenn Sie aber wissen wollen, wie Sie Situationen im Griff behalten k\u00f6nnen, dann sollten Sie dieses Buch lesen,\u00a0<span class=\"a-text-bold\">&#8221; Nimm das Chaos an, sei Meister des Chaos&#8230;&#8221;\u00a0<\/span><span class=\"a-text-bold\">\u2013<\/span><span class=\"a-text-bold a-text-italic\">Ein inspirierendes Buch, das Ihnen den Schl\u00fcssel zur Bew\u00e4ltigung chaotischer Zeiten in die Hand gibt.<\/span><br \/>\nDieses Buch ist das Ergebnis jahrelanger Bem\u00fchungen, den Weg an die Spitze zu finden. Es beinhaltet das Wissen, das ich aus pers\u00f6nlichen Erfahrungen und auf meinem Weg von einem erfahrenen Unternehmer zu einem lizenzierten Hypnotherapeuten und einem Meditations- und Yogalehrer gesammelt habe.<\/p>\n<p>Nach dem Lesen dieses Buches werden Sie viel gelernt haben:<\/p>\n<p>\u2714 Die Konzepte von &#8220;Ver\u00e4nderung&#8221; und &#8220;Chaos&#8221;<br \/>\n\u2714 Die Kategorien der Menschen, die sich auf die Planung und die Ansichten \u00fcber Chaos und Ver\u00e4nderung im Leben st\u00fctzen.<br \/>\n\u2714 Formen und Auswirkungen von Chaos und Ver\u00e4nderung<br \/>\n\u2714 Wie man sich effektiv auf die Zukunft vorbereitet und Chaos und Ver\u00e4nderung annimmt<br \/>\n\u2714 Wie man mit Chaos und Ver\u00e4nderung umgeht und inneren Frieden in schwierigen Zeiten findet.<br \/>\n\u2714 Meine eigene pers\u00f6nliche Geschichte von den Anf\u00e4ngen bis zum heutigen Tag.<\/p>\n<p><span class=\"a-text-bold a-text-italic\">Und so vieles mehr!<\/span><\/p>\n<p>Mit der Absicht, Millionen von Menschen in allen Teilen der Welt zu erreichen und ihnen meine Geschichte zu erz\u00e4hlen, wurde dieses Buch in einer motivierenden und leserfreundlichen Sprache geschrieben. So kann jeder, unabh\u00e4ngig von Altersgruppe oder Herkunft, alles, was in diesem Buch enthalten ist, verstehen und sich leicht damit identifizieren.<\/p>\n<p><span class=\"a-text-bold\">Ich hoffe sehr, dass dieses Buch Ihr Leben f\u00fcr immer ver\u00e4ndern wird. Ich w\u00fcnsche Ihnen viel Spa\u00df beim Lesen und bedanke mich bei Ihnen!<\/span><\/p>","protected":false},"excerpt":{"rendered":"<p>Lerne, dein inneres und \u00e4u\u00dferes Chaos zu meistern. Ordnung und Klarheit trotz Herausforderungen.<\/p>\n<ul class=\"a-unordered-list a-nostyle a-vertical a-spacing-none detail-bullet-list\">\n<li><span class=\"a-list-item\"><span class=\"a-text-bold\">Herausgeber \u200f : \u200e\u00a0<\/span>Kurt Gassner (20. April 2022)<\/span><\/li>\n<li><span class=\"a-list-item\"><span class=\"a-text-bold\">Erscheinungstermin \u200f : \u200e\u00a0<\/span>20. April 2022<\/span><\/li>\n<li><span class=\"a-list-item\"><span class=\"a-text-bold\">Sprache \u200f : \u200e\u00a0<\/span>Deutsch<\/span><\/li>\n<li><span class=\"a-list-item\"><span class=\"a-text-bold\">Dateigr\u00f6\u00dfe \u200f : \u200e\u00a0<\/span>4 MB<\/span><\/li>\n<li><span class=\"a-list-item\"><span class=\"a-text-bold\">Seitenzahl der Print-Ausgabe \u200f : \u200e\u00a0<\/span>98 Seiten<\/span><\/li>\n<\/ul>\n<p>&nbsp;<\/p>\n<p>&nbsp;<\/p>\n<p>&nbsp;<\/p>\n<p>&nbsp;<\/p>\n<p>&nbsp;<\/p>\n<p>&nbsp;<\/p>","protected":false},"featured_media":2965,"comment_status":"open","ping_status":"closed","template":"","meta":[],"product_brand":[],"product_cat":[41],"product_tag":[],"class_list":{"0":"post-2964","1":"product","2":"type-product","3":"status-publish","4":"has-post-thumbnail","6":"product_cat-selbsthilfe-ermachtigung","8":"first","9":"instock","10":"sale","11":"downloadable","12":"virtual","13":"purchasable","14":"product-type-simple"},"yoast_head":"<!-- This site is optimized with the Yoast SEO plugin v24.9 - https:\/\/yoast.com\/wordpress\/plugins\/seo\/ -->\n<title>Das Chaos beherrschen | Selbsthilfe E-Book von Kurt Gassner | My-Mindguide.com<\/title>\n<meta name=\"description\" content=\"Entdecken Sie &#039;Das Chaos beherrschen&#039; \u2013 ein inspirierendes Selbsthilfe E-Book von Kurt Gassner. Jetzt auf My-Mindguide.com\" \/>\n<meta name=\"robots\" content=\"index, follow, max-snippet:-1, max-image-preview:large, max-video-preview:-1\" \/>\n<link rel=\"canonical\" href=\"https:\/\/www.my-mindguide.com\/de\/produkt\/das-chaos-beherrschen\/\" \/>\n<meta property=\"og:locale\" content=\"de_DE\" \/>\n<meta property=\"og:type\" content=\"article\" \/>\n<meta property=\"og:title\" content=\"Das Chaos beherrschen | Selbsthilfe E-Book von Kurt Gassner | My-Mindguide.com\" \/>\n<meta property=\"og:description\" content=\"Entdecken Sie &#039;Das Chaos beherrschen&#039; \u2013 ein inspirierendes Selbsthilfe E-Book von Kurt Gassner. Jetzt auf My-Mindguide.com\" \/>\n<meta property=\"og:url\" content=\"https:\/\/www.my-mindguide.com\/de\/produkt\/das-chaos-beherrschen\/\" \/>\n<meta property=\"og:site_name\" content=\"My-Mindguide.com\" \/>\n<meta property=\"article:modified_time\" content=\"2025-04-30T10:39:12+00:00\" \/>\n<meta property=\"og:image\" content=\"https:\/\/www.my-mindguide.com\/wp-content\/uploads\/2025\/04\/Das-chaos.png\" \/>\n\t<meta property=\"og:image:width\" content=\"400\" \/>\n\t<meta property=\"og:image:height\" content=\"400\" \/>\n\t<meta property=\"og:image:type\" content=\"image\/png\" \/>\n<meta name=\"twitter:card\" content=\"summary_large_image\" \/>\n<meta name=\"twitter:label1\" content=\"Gesch\u00e4tzte Lesezeit\" \/>\n\t<meta name=\"twitter:data1\" content=\"3\u00a0Minuten\" \/>\n<script type=\"application\/ld+json\" class=\"yoast-schema-graph\">{\"@context\":\"https:\/\/schema.org\",\"@graph\":[{\"@type\":\"WebPage\",\"@id\":\"https:\/\/www.my-mindguide.com\/product\/das-chaos-beherrschen\/\",\"url\":\"https:\/\/www.my-mindguide.com\/product\/das-chaos-beherrschen\/\",\"name\":\"Das Chaos beherrschen | Selbsthilfe E-Book von Kurt Gassner | My-Mindguide.com\",\"isPartOf\":{\"@id\":\"https:\/\/www.my-mindguide.com\/de\/#website\"},\"primaryImageOfPage\":{\"@id\":\"https:\/\/www.my-mindguide.com\/product\/das-chaos-beherrschen\/#primaryimage\"},\"image\":{\"@id\":\"https:\/\/www.my-mindguide.com\/product\/das-chaos-beherrschen\/#primaryimage\"},\"thumbnailUrl\":\"https:\/\/www.my-mindguide.com\/wp-content\/uploads\/2025\/04\/Das-chaos.png\",\"datePublished\":\"2025-04-17T17:21:17+00:00\",\"dateModified\":\"2025-04-30T10:39:12+00:00\",\"description\":\"Entdecken Sie 'Das Chaos beherrschen' \u2013 ein inspirierendes Selbsthilfe E-Book von Kurt Gassner. Jetzt auf My-Mindguide.com\",\"breadcrumb\":{\"@id\":\"https:\/\/www.my-mindguide.com\/product\/das-chaos-beherrschen\/#breadcrumb\"},\"inLanguage\":\"de\",\"potentialAction\":[{\"@type\":\"ReadAction\",\"target\":[\"https:\/\/www.my-mindguide.com\/product\/das-chaos-beherrschen\/\"]}]},{\"@type\":\"ImageObject\",\"inLanguage\":\"de\",\"@id\":\"https:\/\/www.my-mindguide.com\/product\/das-chaos-beherrschen\/#primaryimage\",\"url\":\"https:\/\/www.my-mindguide.com\/wp-content\/uploads\/2025\/04\/Das-chaos.png\",\"contentUrl\":\"https:\/\/www.my-mindguide.com\/wp-content\/uploads\/2025\/04\/Das-chaos.png\",\"width\":400,\"height\":400},{\"@type\":\"BreadcrumbList\",\"@id\":\"https:\/\/www.my-mindguide.com\/product\/das-chaos-beherrschen\/#breadcrumb\",\"itemListElement\":[{\"@type\":\"ListItem\",\"position\":1,\"name\":\"Home\",\"item\":\"https:\/\/www.my-mindguide.com\/\"},{\"@type\":\"ListItem\",\"position\":2,\"name\":\"Shop\",\"item\":\"https:\/\/www.my-mindguide.com\/shop\/\"},{\"@type\":\"ListItem\",\"position\":3,\"name\":\"Das Chaos beherrschen\"}]},{\"@type\":\"WebSite\",\"@id\":\"https:\/\/www.my-mindguide.com\/de\/#website\",\"url\":\"https:\/\/www.my-mindguide.com\/de\/\",\"name\":\"My Mind Guide\",\"description\":\"Inspire! Create! Live!\",\"publisher\":{\"@id\":\"https:\/\/www.my-mindguide.com\/de\/#organization\"},\"potentialAction\":[{\"@type\":\"SearchAction\",\"target\":{\"@type\":\"EntryPoint\",\"urlTemplate\":\"https:\/\/www.my-mindguide.com\/de\/?s={search_term_string}\"},\"query-input\":{\"@type\":\"PropertyValueSpecification\",\"valueRequired\":true,\"valueName\":\"search_term_string\"}}],\"inLanguage\":\"de\"},{\"@type\":\"Organization\",\"@id\":\"https:\/\/www.my-mindguide.com\/de\/#organization\",\"name\":\"Kurt Friedrich Gassner Author\",\"url\":\"https:\/\/www.my-mindguide.com\/de\/\",\"logo\":{\"@type\":\"ImageObject\",\"inLanguage\":\"de\",\"@id\":\"https:\/\/www.my-mindguide.com\/de\/#\/schema\/logo\/image\/\",\"url\":\"https:\/\/www.my-mindguide.com\/wp-content\/uploads\/2021\/10\/logo.svg\",\"contentUrl\":\"https:\/\/www.my-mindguide.com\/wp-content\/uploads\/2021\/10\/logo.svg\",\"width\":491,\"height\":91,\"caption\":\"Kurt Friedrich Gassner Author\"},\"image\":{\"@id\":\"https:\/\/www.my-mindguide.com\/de\/#\/schema\/logo\/image\/\"},\"sameAs\":[\"https:\/\/www.instagram.com\/autormindguide\/\"]}]}<\/script>\n<!-- \/ Yoast SEO plugin. -->","yoast_head_json":{"title":"Das Chaos beherrschen | Selbsthilfe E-Book von Kurt Gassner | My-Mindguide.com","description":"Entdecken Sie 'Das Chaos beherrschen' \u2013 ein inspirierendes Selbsthilfe E-Book von Kurt Gassner. Jetzt auf My-Mindguide.com","robots":{"index":"index","follow":"follow","max-snippet":"max-snippet:-1","max-image-preview":"max-image-preview:large","max-video-preview":"max-video-preview:-1"},"canonical":"https:\/\/www.my-mindguide.com\/de\/produkt\/das-chaos-beherrschen\/","og_locale":"de_DE","og_type":"article","og_title":"Das Chaos beherrschen | Selbsthilfe E-Book von Kurt Gassner | My-Mindguide.com","og_description":"Entdecken Sie 'Das Chaos beherrschen' \u2013 ein inspirierendes Selbsthilfe E-Book von Kurt Gassner. Jetzt auf My-Mindguide.com","og_url":"https:\/\/www.my-mindguide.com\/de\/produkt\/das-chaos-beherrschen\/","og_site_name":"My-Mindguide.com","article_modified_time":"2025-04-30T10:39:12+00:00","og_image":[{"width":400,"height":400,"url":"https:\/\/www.my-mindguide.com\/wp-content\/uploads\/2025\/04\/Das-chaos.png","type":"image\/png"}],"twitter_card":"summary_large_image","twitter_misc":{"Gesch\u00e4tzte Lesezeit":"3\u00a0Minuten"},"schema":{"@context":"https:\/\/schema.org","@graph":[{"@type":"WebPage","@id":"https:\/\/www.my-mindguide.com\/product\/das-chaos-beherrschen\/","url":"https:\/\/www.my-mindguide.com\/product\/das-chaos-beherrschen\/","name":"Das Chaos beherrschen | Selbsthilfe E-Book von Kurt Gassner | My-Mindguide.com","isPartOf":{"@id":"https:\/\/www.my-mindguide.com\/de\/#website"},"primaryImageOfPage":{"@id":"https:\/\/www.my-mindguide.com\/product\/das-chaos-beherrschen\/#primaryimage"},"image":{"@id":"https:\/\/www.my-mindguide.com\/product\/das-chaos-beherrschen\/#primaryimage"},"thumbnailUrl":"https:\/\/www.my-mindguide.com\/wp-content\/uploads\/2025\/04\/Das-chaos.png","datePublished":"2025-04-17T17:21:17+00:00","dateModified":"2025-04-30T10:39:12+00:00","description":"Entdecken Sie 'Das Chaos beherrschen' \u2013 ein inspirierendes Selbsthilfe E-Book von Kurt Gassner. Jetzt auf My-Mindguide.com","breadcrumb":{"@id":"https:\/\/www.my-mindguide.com\/product\/das-chaos-beherrschen\/#breadcrumb"},"inLanguage":"de","potentialAction":[{"@type":"ReadAction","target":["https:\/\/www.my-mindguide.com\/product\/das-chaos-beherrschen\/"]}]},{"@type":"ImageObject","inLanguage":"de","@id":"https:\/\/www.my-mindguide.com\/product\/das-chaos-beherrschen\/#primaryimage","url":"https:\/\/www.my-mindguide.com\/wp-content\/uploads\/2025\/04\/Das-chaos.png","contentUrl":"https:\/\/www.my-mindguide.com\/wp-content\/uploads\/2025\/04\/Das-chaos.png","width":400,"height":400},{"@type":"BreadcrumbList","@id":"https:\/\/www.my-mindguide.com\/product\/das-chaos-beherrschen\/#breadcrumb","itemListElement":[{"@type":"ListItem","position":1,"name":"Home","item":"https:\/\/www.my-mindguide.com\/"},{"@type":"ListItem","position":2,"name":"Shop","item":"https:\/\/www.my-mindguide.com\/shop\/"},{"@type":"ListItem","position":3,"name":"Das Chaos beherrschen"}]},{"@type":"WebSite","@id":"https:\/\/www.my-mindguide.com\/de\/#website","url":"https:\/\/www.my-mindguide.com\/de\/","name":"My Mind Guide","description":"Inspire! Create! Live!","publisher":{"@id":"https:\/\/www.my-mindguide.com\/de\/#organization"},"potentialAction":[{"@type":"SearchAction","target":{"@type":"EntryPoint","urlTemplate":"https:\/\/www.my-mindguide.com\/de\/?s={search_term_string}"},"query-input":{"@type":"PropertyValueSpecification","valueRequired":true,"valueName":"search_term_string"}}],"inLanguage":"de"},{"@type":"Organization","@id":"https:\/\/www.my-mindguide.com\/de\/#organization","name":"Kurt Friedrich Gassner Author","url":"https:\/\/www.my-mindguide.com\/de\/","logo":{"@type":"ImageObject","inLanguage":"de","@id":"https:\/\/www.my-mindguide.com\/de\/#\/schema\/logo\/image\/","url":"https:\/\/www.my-mindguide.com\/wp-content\/uploads\/2021\/10\/logo.svg","contentUrl":"https:\/\/www.my-mindguide.com\/wp-content\/uploads\/2021\/10\/logo.svg","width":491,"height":91,"caption":"Kurt Friedrich Gassner Author"},"image":{"@id":"https:\/\/www.my-mindguide.com\/de\/#\/schema\/logo\/image\/"},"sameAs":["https:\/\/www.instagram.com\/autormindguide\/"]}]}},"_links":{"self":[{"href":"https:\/\/www.my-mindguide.com\/de\/wp-json\/wp\/v2\/product\/2964","targetHints":{"allow":["GET"]}}],"collection":[{"href":"https:\/\/www.my-mindguide.com\/de\/wp-json\/wp\/v2\/product"}],"about":[{"href":"https:\/\/www.my-mindguide.com\/de\/wp-json\/wp\/v2\/types\/product"}],"replies":[{"embeddable":true,"href":"https:\/\/www.my-mindguide.com\/de\/wp-json\/wp\/v2\/comments?post=2964"}],"wp:featuredmedia":[{"embeddable":true,"href":"https:\/\/www.my-mindguide.com\/de\/wp-json\/wp\/v2\/media\/2965"}],"wp:attachment":[{"href":"https:\/\/www.my-mindguide.com\/de\/wp-json\/wp\/v2\/media?parent=2964"}],"wp:term":[{"taxonomy":"product_brand","embeddable":true,"href":"https:\/\/www.my-mindguide.com\/de\/wp-json\/wp\/v2\/product_brand?post=2964"},{"taxonomy":"product_cat","embeddable":true,"href":"https:\/\/www.my-mindguide.com\/de\/wp-json\/wp\/v2\/product_cat?post=2964"},{"taxonomy":"product_tag","embeddable":true,"href":"https:\/\/www.my-mindguide.com\/de\/wp-json\/wp\/v2\/product_tag?post=2964"}],"curies":[{"name":"wp","href":"https:\/\/api.w.org\/{rel}","templated":true}]}}