{"id":2950,"date":"2025-04-17T16:42:34","date_gmt":"2025-04-17T16:42:34","guid":{"rendered":"https:\/\/www.my-mindguide.com\/?post_type=product&#038;p=2950"},"modified":"2025-04-30T10:11:55","modified_gmt":"2025-04-30T10:11:55","slug":"aktiviere-dein-unterbewusstsein","status":"publish","type":"product","link":"https:\/\/www.my-mindguide.com\/de\/produkt\/aktiviere-dein-unterbewusstsein\/","title":{"rendered":"Aktiviere Dein Unterbewusstsein"},"content":{"rendered":"<p>Ver\u00e4ndere dein Leben, indem du deine Gedanken ver\u00e4nderst! Dieser Leitfaden zeigt dir, wie du deinen Verstand beherrschen kannst, indem du die unterbewusste Kraft deiner eigenen Gedanken nutzt und Techniken wie Autosuggestion und Visualisierung anwendest. Lerne, Vertrauen in dich selbst aufzubauen, harmonische Beziehungen zu f\u00fchren, Wohlstand zu erlangen, \u00c4ngste zu \u00fcberwinden, ungesunde Gewohnheiten zu beseitigen, k\u00f6rperliche und geistige Heilung zu unterst\u00fctzen und ein Ma\u00df an Frieden und Gl\u00fcck zu erlangen, das du nie f\u00fcr m\u00f6glich gehalten hast. Die Methoden von Kurt Gassner haben bereits Menschen auf der ganzen Welt geholfen. Viele inspirierende Beispiele in diesem Buch veranschaulichen die Wirksamkeit seiner Techniken.<\/p>\n<p>The Power of Your Subconscious Mind ist seit seiner ersten Ver\u00f6ffentlichung im Jahr 1963 ein absoluter Bestseller. Es hat sich eine Million Mal verkauft und geh\u00f6rt nach wie vor zu den fesselndsten und beliebtesten spirituellen Selbsthilfeb\u00fcchern, die je geschrieben wurden. Es hilft dir, dich selbst zu heilen, deine \u00c4ngste zu \u00fcberwinden, besser zu schlafen, gl\u00fccklichere Beziehungen zu f\u00fchren und dich zufriedener zu f\u00fchlen. Die Methoden sind einfach zu befolgen und die Ergebnisse sind schnell sp\u00fcrbar. Du kannst deine Beziehungen, deine Finanzen und deine k\u00f6rperliche Gesundheit verbessern \u2013 und dieses Buch wird dir dabei helfen, den richtigen Weg zu finden.<\/p>\n<p>Dieses Buch geht von der Annahme aus, dass alle Ereignisse im Leben das direkte Ergebnis der Vorg\u00e4nge im Unterbewusstsein und im bewussten Verstand sind. Kurt Gassner bietet praktische Methoden an, die den Kurs des eigenen Lebens \u00e4ndern k\u00f6nnen, vor allem indem sie diese unglaubliche Energie, die wir alle in uns tragen, b\u00fcndeln und umlenken. Viele Jahre des Studiums der Weltreligionen haben ihn davon \u00fcberzeugt, dass hinter aller Spiritualit\u00e4t eine gro\u00dfe Kraft steckt \u2013 und dass diese Kraft in jedem von uns schlummert. Die Kraft deines Unterbewusstseins kann dir eine Welt des Gl\u00fccks, des Erfolgs, des Friedens und des Wohlstands er\u00f6ffnen, sobald du wei\u00dft, wie du sie nutzen kannst.<\/p>\n<p>Erh\u00e4ltlich in der DEUTSCHE NATIONALBIBLIOTHEK<\/p>","protected":false},"excerpt":{"rendered":"<p>Erwecke dein inneres Potenzial und st\u00e4rke deine geistigen Kr\u00e4fte. Der Schl\u00fcssel zu einem bewussteren Leben.<\/p>\n<ul class=\"a-unordered-list a-nostyle a-vertical a-spacing-none detail-bullet-list\">\n<li><span class=\"a-list-item\"><span class=\"a-text-bold\">Herausgeber \u200f : \u200e\u00a0<\/span>Kurt Gassner (4. Mai 2022)<\/span><\/li>\n<li><span class=\"a-list-item\"><span class=\"a-text-bold\">Sprache \u200f : \u200e\u00a0<\/span>Deutsch<\/span><\/li>\n<li><span class=\"a-list-item\"><span class=\"a-text-bold\">Dateigr\u00f6\u00dfe \u200f : \u200e\u00a0<\/span>4 MB<\/span><\/li>\n<li><span class=\"a-list-item\"><span class=\"a-text-bold\">Seitenzahl der Print-Ausgabe \u200f : \u200e\u00a0<\/span>182 Seiten<\/span><\/li>\n<\/ul>\n<p>&nbsp;<\/p>\n<p>&nbsp;<\/p>\n<p>&nbsp;<\/p>\n<p>&nbsp;<\/p>","protected":false},"featured_media":2953,"comment_status":"open","ping_status":"closed","template":"","meta":[],"product_brand":[],"product_cat":[41],"product_tag":[],"class_list":{"0":"post-2950","1":"product","2":"type-product","3":"status-publish","4":"has-post-thumbnail","6":"product_cat-selbsthilfe-ermachtigung","8":"first","9":"instock","10":"sale","11":"downloadable","12":"virtual","13":"purchasable","14":"product-type-simple"},"yoast_head":"<!-- This site is optimized with the Yoast SEO plugin v24.9 - https:\/\/yoast.com\/wordpress\/plugins\/seo\/ -->\n<title>Aktiviere Dein Unterbewusstsein | Selbsthilfe E-Book von Kurt Gassner | My-Mindguide.com<\/title>\n<meta name=\"description\" content=\"Entdecken Sie &#039;Aktiviere Dein Unterbewusstsein&#039; \u2013 ein inspirierendes Selbsthilfe E-Book von Kurt Gassner. Jetzt auf My-Mindguide.com erh\u00e4ltlich.\" \/>\n<meta name=\"robots\" content=\"index, follow, max-snippet:-1, max-image-preview:large, max-video-preview:-1\" \/>\n<link rel=\"canonical\" href=\"https:\/\/www.my-mindguide.com\/de\/produkt\/aktiviere-dein-unterbewusstsein\/\" \/>\n<meta property=\"og:locale\" content=\"de_DE\" \/>\n<meta property=\"og:type\" content=\"article\" \/>\n<meta property=\"og:title\" content=\"Aktiviere Dein Unterbewusstsein | Selbsthilfe E-Book von Kurt Gassner | My-Mindguide.com\" \/>\n<meta property=\"og:description\" content=\"Entdecken Sie &#039;Aktiviere Dein Unterbewusstsein&#039; \u2013 ein inspirierendes Selbsthilfe E-Book von Kurt Gassner. Jetzt auf My-Mindguide.com erh\u00e4ltlich.\" \/>\n<meta property=\"og:url\" content=\"https:\/\/www.my-mindguide.com\/de\/produkt\/aktiviere-dein-unterbewusstsein\/\" \/>\n<meta property=\"og:site_name\" content=\"My-Mindguide.com\" \/>\n<meta property=\"article:modified_time\" content=\"2025-04-30T10:11:55+00:00\" \/>\n<meta property=\"og:image\" content=\"https:\/\/www.my-mindguide.com\/wp-content\/uploads\/2025\/04\/Aktiviere.png\" \/>\n\t<meta property=\"og:image:width\" content=\"400\" \/>\n\t<meta property=\"og:image:height\" content=\"400\" \/>\n\t<meta property=\"og:image:type\" content=\"image\/png\" \/>\n<meta name=\"twitter:card\" content=\"summary_large_image\" \/>\n<meta name=\"twitter:label1\" content=\"Gesch\u00e4tzte Lesezeit\" \/>\n\t<meta name=\"twitter:data1\" content=\"2\u00a0Minuten\" \/>\n<script type=\"application\/ld+json\" class=\"yoast-schema-graph\">{\"@context\":\"https:\/\/schema.org\",\"@graph\":[{\"@type\":\"WebPage\",\"@id\":\"https:\/\/www.my-mindguide.com\/product\/aktiviere-dein-unterbewusstsein\/\",\"url\":\"https:\/\/www.my-mindguide.com\/product\/aktiviere-dein-unterbewusstsein\/\",\"name\":\"Aktiviere Dein Unterbewusstsein | Selbsthilfe E-Book von Kurt Gassner | My-Mindguide.com\",\"isPartOf\":{\"@id\":\"https:\/\/www.my-mindguide.com\/de\/#website\"},\"primaryImageOfPage\":{\"@id\":\"https:\/\/www.my-mindguide.com\/product\/aktiviere-dein-unterbewusstsein\/#primaryimage\"},\"image\":{\"@id\":\"https:\/\/www.my-mindguide.com\/product\/aktiviere-dein-unterbewusstsein\/#primaryimage\"},\"thumbnailUrl\":\"https:\/\/www.my-mindguide.com\/wp-content\/uploads\/2025\/04\/Aktiviere.png\",\"datePublished\":\"2025-04-17T16:42:34+00:00\",\"dateModified\":\"2025-04-30T10:11:55+00:00\",\"description\":\"Entdecken Sie 'Aktiviere Dein Unterbewusstsein' \u2013 ein inspirierendes Selbsthilfe E-Book von Kurt Gassner. Jetzt auf My-Mindguide.com erh\u00e4ltlich.\",\"breadcrumb\":{\"@id\":\"https:\/\/www.my-mindguide.com\/product\/aktiviere-dein-unterbewusstsein\/#breadcrumb\"},\"inLanguage\":\"de\",\"potentialAction\":[{\"@type\":\"ReadAction\",\"target\":[\"https:\/\/www.my-mindguide.com\/product\/aktiviere-dein-unterbewusstsein\/\"]}]},{\"@type\":\"ImageObject\",\"inLanguage\":\"de\",\"@id\":\"https:\/\/www.my-mindguide.com\/product\/aktiviere-dein-unterbewusstsein\/#primaryimage\",\"url\":\"https:\/\/www.my-mindguide.com\/wp-content\/uploads\/2025\/04\/Aktiviere.png\",\"contentUrl\":\"https:\/\/www.my-mindguide.com\/wp-content\/uploads\/2025\/04\/Aktiviere.png\",\"width\":400,\"height\":400},{\"@type\":\"BreadcrumbList\",\"@id\":\"https:\/\/www.my-mindguide.com\/product\/aktiviere-dein-unterbewusstsein\/#breadcrumb\",\"itemListElement\":[{\"@type\":\"ListItem\",\"position\":1,\"name\":\"Home\",\"item\":\"https:\/\/www.my-mindguide.com\/\"},{\"@type\":\"ListItem\",\"position\":2,\"name\":\"Shop\",\"item\":\"https:\/\/www.my-mindguide.com\/shop\/\"},{\"@type\":\"ListItem\",\"position\":3,\"name\":\"Aktiviere Dein Unterbewusstsein\"}]},{\"@type\":\"WebSite\",\"@id\":\"https:\/\/www.my-mindguide.com\/de\/#website\",\"url\":\"https:\/\/www.my-mindguide.com\/de\/\",\"name\":\"My Mind Guide\",\"description\":\"Inspire! Create! Live!\",\"publisher\":{\"@id\":\"https:\/\/www.my-mindguide.com\/de\/#organization\"},\"potentialAction\":[{\"@type\":\"SearchAction\",\"target\":{\"@type\":\"EntryPoint\",\"urlTemplate\":\"https:\/\/www.my-mindguide.com\/de\/?s={search_term_string}\"},\"query-input\":{\"@type\":\"PropertyValueSpecification\",\"valueRequired\":true,\"valueName\":\"search_term_string\"}}],\"inLanguage\":\"de\"},{\"@type\":\"Organization\",\"@id\":\"https:\/\/www.my-mindguide.com\/de\/#organization\",\"name\":\"Kurt Friedrich Gassner Author\",\"url\":\"https:\/\/www.my-mindguide.com\/de\/\",\"logo\":{\"@type\":\"ImageObject\",\"inLanguage\":\"de\",\"@id\":\"https:\/\/www.my-mindguide.com\/de\/#\/schema\/logo\/image\/\",\"url\":\"https:\/\/www.my-mindguide.com\/wp-content\/uploads\/2021\/10\/logo.svg\",\"contentUrl\":\"https:\/\/www.my-mindguide.com\/wp-content\/uploads\/2021\/10\/logo.svg\",\"width\":491,\"height\":91,\"caption\":\"Kurt Friedrich Gassner Author\"},\"image\":{\"@id\":\"https:\/\/www.my-mindguide.com\/de\/#\/schema\/logo\/image\/\"},\"sameAs\":[\"https:\/\/www.instagram.com\/autormindguide\/\"]}]}<\/script>\n<!-- \/ Yoast SEO plugin. -->","yoast_head_json":{"title":"Aktiviere Dein Unterbewusstsein | Selbsthilfe E-Book von Kurt Gassner | My-Mindguide.com","description":"Entdecken Sie 'Aktiviere Dein Unterbewusstsein' \u2013 ein inspirierendes Selbsthilfe E-Book von Kurt Gassner. Jetzt auf My-Mindguide.com erh\u00e4ltlich.","robots":{"index":"index","follow":"follow","max-snippet":"max-snippet:-1","max-image-preview":"max-image-preview:large","max-video-preview":"max-video-preview:-1"},"canonical":"https:\/\/www.my-mindguide.com\/de\/produkt\/aktiviere-dein-unterbewusstsein\/","og_locale":"de_DE","og_type":"article","og_title":"Aktiviere Dein Unterbewusstsein | Selbsthilfe E-Book von Kurt Gassner | My-Mindguide.com","og_description":"Entdecken Sie 'Aktiviere Dein Unterbewusstsein' \u2013 ein inspirierendes Selbsthilfe E-Book von Kurt Gassner. Jetzt auf My-Mindguide.com erh\u00e4ltlich.","og_url":"https:\/\/www.my-mindguide.com\/de\/produkt\/aktiviere-dein-unterbewusstsein\/","og_site_name":"My-Mindguide.com","article_modified_time":"2025-04-30T10:11:55+00:00","og_image":[{"width":400,"height":400,"url":"https:\/\/www.my-mindguide.com\/wp-content\/uploads\/2025\/04\/Aktiviere.png","type":"image\/png"}],"twitter_card":"summary_large_image","twitter_misc":{"Gesch\u00e4tzte Lesezeit":"2\u00a0Minuten"},"schema":{"@context":"https:\/\/schema.org","@graph":[{"@type":"WebPage","@id":"https:\/\/www.my-mindguide.com\/product\/aktiviere-dein-unterbewusstsein\/","url":"https:\/\/www.my-mindguide.com\/product\/aktiviere-dein-unterbewusstsein\/","name":"Aktiviere Dein Unterbewusstsein | Selbsthilfe E-Book von Kurt Gassner | My-Mindguide.com","isPartOf":{"@id":"https:\/\/www.my-mindguide.com\/de\/#website"},"primaryImageOfPage":{"@id":"https:\/\/www.my-mindguide.com\/product\/aktiviere-dein-unterbewusstsein\/#primaryimage"},"image":{"@id":"https:\/\/www.my-mindguide.com\/product\/aktiviere-dein-unterbewusstsein\/#primaryimage"},"thumbnailUrl":"https:\/\/www.my-mindguide.com\/wp-content\/uploads\/2025\/04\/Aktiviere.png","datePublished":"2025-04-17T16:42:34+00:00","dateModified":"2025-04-30T10:11:55+00:00","description":"Entdecken Sie 'Aktiviere Dein Unterbewusstsein' \u2013 ein inspirierendes Selbsthilfe E-Book von Kurt Gassner. Jetzt auf My-Mindguide.com erh\u00e4ltlich.","breadcrumb":{"@id":"https:\/\/www.my-mindguide.com\/product\/aktiviere-dein-unterbewusstsein\/#breadcrumb"},"inLanguage":"de","potentialAction":[{"@type":"ReadAction","target":["https:\/\/www.my-mindguide.com\/product\/aktiviere-dein-unterbewusstsein\/"]}]},{"@type":"ImageObject","inLanguage":"de","@id":"https:\/\/www.my-mindguide.com\/product\/aktiviere-dein-unterbewusstsein\/#primaryimage","url":"https:\/\/www.my-mindguide.com\/wp-content\/uploads\/2025\/04\/Aktiviere.png","contentUrl":"https:\/\/www.my-mindguide.com\/wp-content\/uploads\/2025\/04\/Aktiviere.png","width":400,"height":400},{"@type":"BreadcrumbList","@id":"https:\/\/www.my-mindguide.com\/product\/aktiviere-dein-unterbewusstsein\/#breadcrumb","itemListElement":[{"@type":"ListItem","position":1,"name":"Home","item":"https:\/\/www.my-mindguide.com\/"},{"@type":"ListItem","position":2,"name":"Shop","item":"https:\/\/www.my-mindguide.com\/shop\/"},{"@type":"ListItem","position":3,"name":"Aktiviere Dein Unterbewusstsein"}]},{"@type":"WebSite","@id":"https:\/\/www.my-mindguide.com\/de\/#website","url":"https:\/\/www.my-mindguide.com\/de\/","name":"My Mind Guide","description":"Inspire! Create! Live!","publisher":{"@id":"https:\/\/www.my-mindguide.com\/de\/#organization"},"potentialAction":[{"@type":"SearchAction","target":{"@type":"EntryPoint","urlTemplate":"https:\/\/www.my-mindguide.com\/de\/?s={search_term_string}"},"query-input":{"@type":"PropertyValueSpecification","valueRequired":true,"valueName":"search_term_string"}}],"inLanguage":"de"},{"@type":"Organization","@id":"https:\/\/www.my-mindguide.com\/de\/#organization","name":"Kurt Friedrich Gassner Author","url":"https:\/\/www.my-mindguide.com\/de\/","logo":{"@type":"ImageObject","inLanguage":"de","@id":"https:\/\/www.my-mindguide.com\/de\/#\/schema\/logo\/image\/","url":"https:\/\/www.my-mindguide.com\/wp-content\/uploads\/2021\/10\/logo.svg","contentUrl":"https:\/\/www.my-mindguide.com\/wp-content\/uploads\/2021\/10\/logo.svg","width":491,"height":91,"caption":"Kurt Friedrich Gassner Author"},"image":{"@id":"https:\/\/www.my-mindguide.com\/de\/#\/schema\/logo\/image\/"},"sameAs":["https:\/\/www.instagram.com\/autormindguide\/"]}]}},"_links":{"self":[{"href":"https:\/\/www.my-mindguide.com\/de\/wp-json\/wp\/v2\/product\/2950","targetHints":{"allow":["GET"]}}],"collection":[{"href":"https:\/\/www.my-mindguide.com\/de\/wp-json\/wp\/v2\/product"}],"about":[{"href":"https:\/\/www.my-mindguide.com\/de\/wp-json\/wp\/v2\/types\/product"}],"replies":[{"embeddable":true,"href":"https:\/\/www.my-mindguide.com\/de\/wp-json\/wp\/v2\/comments?post=2950"}],"wp:featuredmedia":[{"embeddable":true,"href":"https:\/\/www.my-mindguide.com\/de\/wp-json\/wp\/v2\/media\/2953"}],"wp:attachment":[{"href":"https:\/\/www.my-mindguide.com\/de\/wp-json\/wp\/v2\/media?parent=2950"}],"wp:term":[{"taxonomy":"product_brand","embeddable":true,"href":"https:\/\/www.my-mindguide.com\/de\/wp-json\/wp\/v2\/product_brand?post=2950"},{"taxonomy":"product_cat","embeddable":true,"href":"https:\/\/www.my-mindguide.com\/de\/wp-json\/wp\/v2\/product_cat?post=2950"},{"taxonomy":"product_tag","embeddable":true,"href":"https:\/\/www.my-mindguide.com\/de\/wp-json\/wp\/v2\/product_tag?post=2950"}],"curies":[{"name":"wp","href":"https:\/\/api.w.org\/{rel}","templated":true}]}}