{"id":2938,"date":"2025-04-17T15:55:08","date_gmt":"2025-04-17T15:55:08","guid":{"rendered":"https:\/\/www.my-mindguide.com\/?post_type=product&#038;p=2938"},"modified":"2025-04-30T10:17:31","modified_gmt":"2025-04-30T10:17:31","slug":"bessere-traume","status":"publish","type":"product","link":"https:\/\/www.my-mindguide.com\/de\/produkt\/bessere-traume\/","title":{"rendered":"Bessere Traume"},"content":{"rendered":"<p><span class=\"a-text-bold\">Entdecken Sie die Nebenwirkungen von Schlafentzug und wie Ihre Schlafgewohnheiten Ihren Erfolg beeinflussen!<\/span><\/p>\n<p>Geh\u00f6ren Sie zu den Menschen, die sich nicht einmal daran erinnern k\u00f6nnen, wann sie das letzte Mal gut geschlafen haben?<\/p>\n<p>Wachen Sie m\u00fcder auf als zuvor und suchen nach M\u00f6glichkeiten, wirklich erholsame N\u00e4chte zu haben?<\/p>\n<p>Gehen Sie oft Kompromisse bei Ihrem Schlaf ein, um mit der Arbeit oder Ihrem sozialen Leben Schritt zu halten?<\/p>\n<p><span class=\"a-text-bold\">Vorstellung von &#8216;Bessere Tr\u00e4ume \u2013 St\u00e4rke Dein Unterbewusstsein f\u00fcr einen gesunden Schlaf&#8217; von Kurt Gassner!<\/span><\/p>\n<p>Wenn Sie jemals eine Nacht damit verbracht haben, sich zu werfen und zu drehen, wissen Sie bereits, wie Sie sich am n\u00e4chsten Tag f\u00fchlen werden \u2013 m\u00fcde, launisch und au\u00dfer sich. Aber wenn Sie die empfohlenen sieben bis neun Stunden eines guten Schlafes verpassen, f\u00fchlen Sie sich nicht nur benommen und m\u00fcrrisch. Es ersch\u00f6pft Ihre geistigen F\u00e4higkeiten und gef\u00e4hrdet Ihre k\u00f6rperliche Gesundheit.<\/p>\n<p>Schlaf ist eine wesentliche Funktion, die es Ihrem K\u00f6rper und Geist erm\u00f6glicht, sich aufzuladen. Das \u00dcberspringen des Schlafes beeintr\u00e4chtigt Ihre Gehirnfunktion auf der ganzen Linie. Es verlangsamt Ihre F\u00e4higkeit, Informationen zu verarbeiten und Probleme zu l\u00f6sen, t\u00f6tet Ihre Kreativit\u00e4t und katapultiert Ihr Stressniveau und Ihre emotionale Reaktivit\u00e4t.<\/p>\n<p>Am Ende dieses lebensver\u00e4ndernden Buches werden Sie in der Lage sein zu verstehen, wie wichtig es ist, gut zu schlafen und wie sich Schlafentzug auf Ihr Leben und Ihre Karriere auswirken kann. Dar\u00fcber hinaus werden Sie Wege entdecken, die Ihnen helfen k\u00f6nnen, wirklich erholsame N\u00e4chte zu erreichen und Ihre geistige und k\u00f6rperliche Gesundheit zu verbessern.<\/p>\n<p><span class=\"a-text-bold\">Top 5 Gr\u00fcnde, dieses umfassende Buch noch heute zu kaufen:<\/span><\/p>\n<ul class=\"a-unordered-list a-vertical\">\n<li><span class=\"a-list-item\">Entdecken Sie die Kraft eines guten und produktiven Schlafes und seine Vorteile.<\/span><\/li>\n<li><span class=\"a-list-item\">Finden Sie heraus, wie Yoga, Hypnotherapie &amp; Meditation Ihnen helfen k\u00f6nnen, sich zu entspannen.<\/span><\/li>\n<li><span class=\"a-list-item\">Erfahren Sie, wie die richtigen Schlafpositionen und Hintergrundger\u00e4usche Ihren Schlaf positiv beeinflussen k\u00f6nnen.<\/span><\/li>\n<li><span class=\"a-list-item\">Erforschen Sie, wie Schlafmangel Ihr Gehirn beeinflusst und Sie davon abh\u00e4lt, produktiv zu sein.<\/span><\/li>\n<li><span class=\"a-list-item\">Entdecken Sie, wie Schlafentzug Ihre Lebensqualit\u00e4t und Ihr Wohlbefinden beeinflussen kann.<\/span><\/li>\n<\/ul>\n<p><span class=\"a-text-bold\">Klicken Sie auf &#8221;Jetzt kaufen&#8221;, transformieren Sie Ihre Schlafgewohnheiten und leben Sie ein gl\u00fccklicheres, erfolgreiches Leben!<\/span><\/p>","protected":false},"excerpt":{"rendered":"<p>Wie du dein Unterbewusstsein f\u00fcr bessere N\u00e4chte und erf\u00fcllte Tage nutzt. Tr\u00e4ume bewusst gestalten.<\/p>\n<ul class=\"a-unordered-list a-nostyle a-vertical a-spacing-none detail-bullet-list\">\n<li><span class=\"a-list-item\"><span class=\"a-text-bold\">Erscheinungstermin \u200f : \u200e\u00a0<\/span>12. Juni 2022<\/span><\/li>\n<li><span class=\"a-list-item\"><span class=\"a-text-bold\">Sprache \u200f : \u200e\u00a0<\/span>Deutsch<\/span><\/li>\n<li><span class=\"a-list-item\"><span class=\"a-text-bold\">Dateigr\u00f6\u00dfe \u200f : \u200e\u00a0<\/span>5 MB<\/span><\/li>\n<li><span class=\"a-list-item\"><span class=\"a-text-bold\">Seitenzahl der Print-Ausgabe \u200f : \u200e\u00a0<\/span>158 Seiten<\/span><\/li>\n<\/ul>\n<p>&nbsp;<\/p>","protected":false},"featured_media":2939,"comment_status":"open","ping_status":"closed","template":"","meta":[],"product_brand":[],"product_cat":[41],"product_tag":[],"class_list":{"0":"post-2938","1":"product","2":"type-product","3":"status-publish","4":"has-post-thumbnail","6":"product_cat-selbsthilfe-ermachtigung","8":"first","9":"instock","10":"sale","11":"downloadable","12":"virtual","13":"purchasable","14":"product-type-simple"},"yoast_head":"<!-- This site is optimized with the Yoast SEO plugin v24.9 - https:\/\/yoast.com\/wordpress\/plugins\/seo\/ -->\n<title>Bessere Traume - My-Mindguide.com Bessere Tr\u00e4ume | Selbsthilfe E-Book von Kurt Gassner | My-Mindguide.com<\/title>\n<meta name=\"description\" content=\"Entdecken Sie &#039;Bessere Tr\u00e4ume&#039; \u2013 ein inspirierendes Selbsthilfe E-Book von Kurt Gassner. Jetzt auf My-Mindguide.com\" \/>\n<meta name=\"robots\" content=\"index, follow, max-snippet:-1, max-image-preview:large, max-video-preview:-1\" \/>\n<link rel=\"canonical\" href=\"https:\/\/www.my-mindguide.com\/de\/produkt\/bessere-traume\/\" \/>\n<meta property=\"og:locale\" content=\"de_DE\" \/>\n<meta property=\"og:type\" content=\"article\" \/>\n<meta property=\"og:title\" content=\"Bessere Traume - My-Mindguide.com Bessere Tr\u00e4ume | Selbsthilfe E-Book von Kurt Gassner | My-Mindguide.com\" \/>\n<meta property=\"og:description\" content=\"Entdecken Sie &#039;Bessere Tr\u00e4ume&#039; \u2013 ein inspirierendes Selbsthilfe E-Book von Kurt Gassner. Jetzt auf My-Mindguide.com\" \/>\n<meta property=\"og:url\" content=\"https:\/\/www.my-mindguide.com\/de\/produkt\/bessere-traume\/\" \/>\n<meta property=\"og:site_name\" content=\"My-Mindguide.com\" \/>\n<meta property=\"article:modified_time\" content=\"2025-04-30T10:17:31+00:00\" \/>\n<meta property=\"og:image\" content=\"https:\/\/www.my-mindguide.com\/wp-content\/uploads\/2025\/04\/Bessere-traume.png\" \/>\n\t<meta property=\"og:image:width\" content=\"400\" \/>\n\t<meta property=\"og:image:height\" content=\"400\" \/>\n\t<meta property=\"og:image:type\" content=\"image\/png\" \/>\n<meta name=\"twitter:card\" content=\"summary_large_image\" \/>\n<meta name=\"twitter:label1\" content=\"Gesch\u00e4tzte Lesezeit\" \/>\n\t<meta name=\"twitter:data1\" content=\"2\u00a0Minuten\" \/>\n<script type=\"application\/ld+json\" class=\"yoast-schema-graph\">{\"@context\":\"https:\/\/schema.org\",\"@graph\":[{\"@type\":\"WebPage\",\"@id\":\"https:\/\/www.my-mindguide.com\/product\/bessere-traume\/\",\"url\":\"https:\/\/www.my-mindguide.com\/product\/bessere-traume\/\",\"name\":\"Bessere Traume - My-Mindguide.com Bessere Tr\u00e4ume | Selbsthilfe E-Book von Kurt Gassner | My-Mindguide.com\",\"isPartOf\":{\"@id\":\"https:\/\/www.my-mindguide.com\/de\/#website\"},\"primaryImageOfPage\":{\"@id\":\"https:\/\/www.my-mindguide.com\/product\/bessere-traume\/#primaryimage\"},\"image\":{\"@id\":\"https:\/\/www.my-mindguide.com\/product\/bessere-traume\/#primaryimage\"},\"thumbnailUrl\":\"https:\/\/www.my-mindguide.com\/wp-content\/uploads\/2025\/04\/Bessere-traume.png\",\"datePublished\":\"2025-04-17T15:55:08+00:00\",\"dateModified\":\"2025-04-30T10:17:31+00:00\",\"description\":\"Entdecken Sie 'Bessere Tr\u00e4ume' \u2013 ein inspirierendes Selbsthilfe E-Book von Kurt Gassner. Jetzt auf My-Mindguide.com\",\"breadcrumb\":{\"@id\":\"https:\/\/www.my-mindguide.com\/product\/bessere-traume\/#breadcrumb\"},\"inLanguage\":\"de\",\"potentialAction\":[{\"@type\":\"ReadAction\",\"target\":[\"https:\/\/www.my-mindguide.com\/product\/bessere-traume\/\"]}]},{\"@type\":\"ImageObject\",\"inLanguage\":\"de\",\"@id\":\"https:\/\/www.my-mindguide.com\/product\/bessere-traume\/#primaryimage\",\"url\":\"https:\/\/www.my-mindguide.com\/wp-content\/uploads\/2025\/04\/Bessere-traume.png\",\"contentUrl\":\"https:\/\/www.my-mindguide.com\/wp-content\/uploads\/2025\/04\/Bessere-traume.png\",\"width\":400,\"height\":400},{\"@type\":\"BreadcrumbList\",\"@id\":\"https:\/\/www.my-mindguide.com\/product\/bessere-traume\/#breadcrumb\",\"itemListElement\":[{\"@type\":\"ListItem\",\"position\":1,\"name\":\"Home\",\"item\":\"https:\/\/www.my-mindguide.com\/\"},{\"@type\":\"ListItem\",\"position\":2,\"name\":\"Shop\",\"item\":\"https:\/\/www.my-mindguide.com\/shop\/\"},{\"@type\":\"ListItem\",\"position\":3,\"name\":\"Bessere Traume\"}]},{\"@type\":\"WebSite\",\"@id\":\"https:\/\/www.my-mindguide.com\/de\/#website\",\"url\":\"https:\/\/www.my-mindguide.com\/de\/\",\"name\":\"My Mind Guide\",\"description\":\"Inspire! Create! Live!\",\"publisher\":{\"@id\":\"https:\/\/www.my-mindguide.com\/de\/#organization\"},\"potentialAction\":[{\"@type\":\"SearchAction\",\"target\":{\"@type\":\"EntryPoint\",\"urlTemplate\":\"https:\/\/www.my-mindguide.com\/de\/?s={search_term_string}\"},\"query-input\":{\"@type\":\"PropertyValueSpecification\",\"valueRequired\":true,\"valueName\":\"search_term_string\"}}],\"inLanguage\":\"de\"},{\"@type\":\"Organization\",\"@id\":\"https:\/\/www.my-mindguide.com\/de\/#organization\",\"name\":\"Kurt Friedrich Gassner Author\",\"url\":\"https:\/\/www.my-mindguide.com\/de\/\",\"logo\":{\"@type\":\"ImageObject\",\"inLanguage\":\"de\",\"@id\":\"https:\/\/www.my-mindguide.com\/de\/#\/schema\/logo\/image\/\",\"url\":\"https:\/\/www.my-mindguide.com\/wp-content\/uploads\/2021\/10\/logo.svg\",\"contentUrl\":\"https:\/\/www.my-mindguide.com\/wp-content\/uploads\/2021\/10\/logo.svg\",\"width\":491,\"height\":91,\"caption\":\"Kurt Friedrich Gassner Author\"},\"image\":{\"@id\":\"https:\/\/www.my-mindguide.com\/de\/#\/schema\/logo\/image\/\"},\"sameAs\":[\"https:\/\/www.instagram.com\/autormindguide\/\"]}]}<\/script>\n<!-- \/ Yoast SEO plugin. -->","yoast_head_json":{"title":"Bessere Traume - My-Mindguide.com Bessere Tr\u00e4ume | Selbsthilfe E-Book von Kurt Gassner | My-Mindguide.com","description":"Entdecken Sie 'Bessere Tr\u00e4ume' \u2013 ein inspirierendes Selbsthilfe E-Book von Kurt Gassner. Jetzt auf My-Mindguide.com","robots":{"index":"index","follow":"follow","max-snippet":"max-snippet:-1","max-image-preview":"max-image-preview:large","max-video-preview":"max-video-preview:-1"},"canonical":"https:\/\/www.my-mindguide.com\/de\/produkt\/bessere-traume\/","og_locale":"de_DE","og_type":"article","og_title":"Bessere Traume - My-Mindguide.com Bessere Tr\u00e4ume | Selbsthilfe E-Book von Kurt Gassner | My-Mindguide.com","og_description":"Entdecken Sie 'Bessere Tr\u00e4ume' \u2013 ein inspirierendes Selbsthilfe E-Book von Kurt Gassner. Jetzt auf My-Mindguide.com","og_url":"https:\/\/www.my-mindguide.com\/de\/produkt\/bessere-traume\/","og_site_name":"My-Mindguide.com","article_modified_time":"2025-04-30T10:17:31+00:00","og_image":[{"width":400,"height":400,"url":"https:\/\/www.my-mindguide.com\/wp-content\/uploads\/2025\/04\/Bessere-traume.png","type":"image\/png"}],"twitter_card":"summary_large_image","twitter_misc":{"Gesch\u00e4tzte Lesezeit":"2\u00a0Minuten"},"schema":{"@context":"https:\/\/schema.org","@graph":[{"@type":"WebPage","@id":"https:\/\/www.my-mindguide.com\/product\/bessere-traume\/","url":"https:\/\/www.my-mindguide.com\/product\/bessere-traume\/","name":"Bessere Traume - My-Mindguide.com Bessere Tr\u00e4ume | Selbsthilfe E-Book von Kurt Gassner | My-Mindguide.com","isPartOf":{"@id":"https:\/\/www.my-mindguide.com\/de\/#website"},"primaryImageOfPage":{"@id":"https:\/\/www.my-mindguide.com\/product\/bessere-traume\/#primaryimage"},"image":{"@id":"https:\/\/www.my-mindguide.com\/product\/bessere-traume\/#primaryimage"},"thumbnailUrl":"https:\/\/www.my-mindguide.com\/wp-content\/uploads\/2025\/04\/Bessere-traume.png","datePublished":"2025-04-17T15:55:08+00:00","dateModified":"2025-04-30T10:17:31+00:00","description":"Entdecken Sie 'Bessere Tr\u00e4ume' \u2013 ein inspirierendes Selbsthilfe E-Book von Kurt Gassner. Jetzt auf My-Mindguide.com","breadcrumb":{"@id":"https:\/\/www.my-mindguide.com\/product\/bessere-traume\/#breadcrumb"},"inLanguage":"de","potentialAction":[{"@type":"ReadAction","target":["https:\/\/www.my-mindguide.com\/product\/bessere-traume\/"]}]},{"@type":"ImageObject","inLanguage":"de","@id":"https:\/\/www.my-mindguide.com\/product\/bessere-traume\/#primaryimage","url":"https:\/\/www.my-mindguide.com\/wp-content\/uploads\/2025\/04\/Bessere-traume.png","contentUrl":"https:\/\/www.my-mindguide.com\/wp-content\/uploads\/2025\/04\/Bessere-traume.png","width":400,"height":400},{"@type":"BreadcrumbList","@id":"https:\/\/www.my-mindguide.com\/product\/bessere-traume\/#breadcrumb","itemListElement":[{"@type":"ListItem","position":1,"name":"Home","item":"https:\/\/www.my-mindguide.com\/"},{"@type":"ListItem","position":2,"name":"Shop","item":"https:\/\/www.my-mindguide.com\/shop\/"},{"@type":"ListItem","position":3,"name":"Bessere Traume"}]},{"@type":"WebSite","@id":"https:\/\/www.my-mindguide.com\/de\/#website","url":"https:\/\/www.my-mindguide.com\/de\/","name":"My Mind Guide","description":"Inspire! Create! Live!","publisher":{"@id":"https:\/\/www.my-mindguide.com\/de\/#organization"},"potentialAction":[{"@type":"SearchAction","target":{"@type":"EntryPoint","urlTemplate":"https:\/\/www.my-mindguide.com\/de\/?s={search_term_string}"},"query-input":{"@type":"PropertyValueSpecification","valueRequired":true,"valueName":"search_term_string"}}],"inLanguage":"de"},{"@type":"Organization","@id":"https:\/\/www.my-mindguide.com\/de\/#organization","name":"Kurt Friedrich Gassner Author","url":"https:\/\/www.my-mindguide.com\/de\/","logo":{"@type":"ImageObject","inLanguage":"de","@id":"https:\/\/www.my-mindguide.com\/de\/#\/schema\/logo\/image\/","url":"https:\/\/www.my-mindguide.com\/wp-content\/uploads\/2021\/10\/logo.svg","contentUrl":"https:\/\/www.my-mindguide.com\/wp-content\/uploads\/2021\/10\/logo.svg","width":491,"height":91,"caption":"Kurt Friedrich Gassner Author"},"image":{"@id":"https:\/\/www.my-mindguide.com\/de\/#\/schema\/logo\/image\/"},"sameAs":["https:\/\/www.instagram.com\/autormindguide\/"]}]}},"_links":{"self":[{"href":"https:\/\/www.my-mindguide.com\/de\/wp-json\/wp\/v2\/product\/2938","targetHints":{"allow":["GET"]}}],"collection":[{"href":"https:\/\/www.my-mindguide.com\/de\/wp-json\/wp\/v2\/product"}],"about":[{"href":"https:\/\/www.my-mindguide.com\/de\/wp-json\/wp\/v2\/types\/product"}],"replies":[{"embeddable":true,"href":"https:\/\/www.my-mindguide.com\/de\/wp-json\/wp\/v2\/comments?post=2938"}],"wp:featuredmedia":[{"embeddable":true,"href":"https:\/\/www.my-mindguide.com\/de\/wp-json\/wp\/v2\/media\/2939"}],"wp:attachment":[{"href":"https:\/\/www.my-mindguide.com\/de\/wp-json\/wp\/v2\/media?parent=2938"}],"wp:term":[{"taxonomy":"product_brand","embeddable":true,"href":"https:\/\/www.my-mindguide.com\/de\/wp-json\/wp\/v2\/product_brand?post=2938"},{"taxonomy":"product_cat","embeddable":true,"href":"https:\/\/www.my-mindguide.com\/de\/wp-json\/wp\/v2\/product_cat?post=2938"},{"taxonomy":"product_tag","embeddable":true,"href":"https:\/\/www.my-mindguide.com\/de\/wp-json\/wp\/v2\/product_tag?post=2938"}],"curies":[{"name":"wp","href":"https:\/\/api.w.org\/{rel}","templated":true}]}}