{"id":2925,"date":"2025-04-17T15:18:20","date_gmt":"2025-04-17T15:18:20","guid":{"rendered":"https:\/\/www.my-mindguide.com\/?post_type=product&#038;p=2925"},"modified":"2025-04-30T11:01:04","modified_gmt":"2025-04-30T11:01:04","slug":"erfinde-dich-neu-noch-heute","status":"publish","type":"product","link":"https:\/\/www.my-mindguide.com\/de\/produkt\/erfinde-dich-neu-noch-heute\/","title":{"rendered":"Erfinde Dich Neu Noch Heute!"},"content":{"rendered":"<div class=\"a-expander-content a-expander-partial-collapse-content a-expander-content-expanded\" data-expanded=\"true\">\n<p><span class=\"a-text-bold\">Wenn das Leben dir Zitronen gibt, mache die weltbeste Limonade daraus!<\/span><br \/>\n<span class=\"a-text-bold\">Lerne, wie du die Herausforderungen des Lebens in Chancen f\u00fcr deine pers\u00f6nliche Entwicklung verwandelst!<\/span><br \/>\nHast du Schwierigkeiten, mit den Herausforderungen des Lebens umzugehen?<br \/>\nBist du schnell entt\u00e4uscht und neigst dazu, alles \u00fcber den Haufen zu werfen?<br \/>\n<span class=\"a-text-bold\">Kurt Gassners \u201eErfinde dich neu &#8211; noch heute!\u201c\u00a0<\/span><span class=\"a-text-bold\">kann dein Leben nachhaltig ver\u00e4ndern!<\/span><br \/>\nDas Gef\u00fchl, in einer Sackgasse festzustecken, ist etwas F\u00fcrchterliches. Es f\u00fchlt sich so an, als ob sich, egal was du tust oder sagst, nichts zum Besseren ver\u00e4ndern wird und du f\u00fcr immer in ein und demselben Trott feststeckst.<br \/>\nEs wird immer Zeiten in deinem Leben geben, in denen du dich limitiert f\u00fchlst und vielleicht lernen musst, dich neu zu erfinden. Das kann der Fall sein, wenn du eine gro\u00dfe Ver\u00e4nderung erlebst, z. B. wenn du deinen Job k\u00fcndigst, eine Beziehung beendest, in eine neue Umgebung ziehst oder einen geliebten Menschen verlierst.<br \/>\nDie gute Nachricht lautet: Das muss nicht das Ende der Welt bedeuten! Das Leben ist zu kurz, um Tr\u00fcbsal zu blasen und Chancen auszulassen. Warum also nicht die schwierigen Zeiten nutzen, sie als Lektion verstehen und gest\u00e4rkt daraus hervorgehen, anstatt nichts zu unternehmen?<br \/>\nIn diesem inspirierenden Buch erz\u00e4hlt Kurt Gassner von zahlreichen Herausforderungen, denen er sich im Laufe seines Lebens stellen musste und erkl\u00e4rt, wie er sie als Lektion nutzte, um sich zu verbessern und daran zu wachsen. Er wird dich motivieren, dir beibringen, wie du Ver\u00e4nderungen vornehmen kannst und dir den Mut verleihen, Grenzen zu \u00fcberwinden, dein Potenzial zu erkennen und dich neu zu erfinden!<br \/>\n<span class=\"a-text-bold\">3 gute Gr\u00fcnde, um noch heute zu diesem lebensver\u00e4ndernden Buch zu greifen:<\/span><br \/>\n\u2714\ufe0f Lerne, wie du die Herausforderungen des Lebens meistern kannst!<br \/>\n\u2714\ufe0f Entdecke verborgene M\u00f6glichkeiten, dich neu zu erfinden und zu wachsen!<br \/>\n\u2714\ufe0f Finde den Mut, den du brauchst, um dein Leben zu ver\u00e4ndern!<br \/>\n<span class=\"a-text-bold\">Z\u00f6gere nicht l\u00e4nger, dein Leben in die Hand zu nehmen!<\/span><br \/>\nWenn du Motivation, Mut und hilfreiche Anregungen suchst, um Widrigkeiten in Chancen zu verwandeln, ist dieses Buch genau das Richtige f\u00fcr dich!<\/p>\n<\/div>","protected":false},"excerpt":{"rendered":"<p>Nutze jede Chance f\u00fcr einen Neuanfang. Erfinde dich neu und lebe deine beste Version.<\/p>\n<ul class=\"a-unordered-list a-nostyle a-vertical a-spacing-none detail-bullet-list\">\n<li><span class=\"a-list-item\"><span class=\"a-text-bold\">Herausgeber \u200f : \u200e\u00a0<\/span>Kurt Gassner (16. Juli 2022)<\/span><\/li>\n<li><span class=\"a-list-item\"><span class=\"a-text-bold\">Sprache \u200f : \u200e\u00a0<\/span>Deutsch<\/span><\/li>\n<li><span class=\"a-list-item\"><span class=\"a-text-bold\">Dateigr\u00f6\u00dfe \u200f : \u200e\u00a0<\/span>4 MB<\/span><\/li>\n<li><span class=\"a-list-item\"><span class=\"a-text-bold\">Seitenzahl der Print-Ausgabe \u200f : \u200e\u00a0<\/span>166 Seiten<\/span><\/li>\n<\/ul>","protected":false},"featured_media":2928,"comment_status":"open","ping_status":"closed","template":"","meta":[],"product_brand":[],"product_cat":[41],"product_tag":[],"class_list":{"0":"post-2925","1":"product","2":"type-product","3":"status-publish","4":"has-post-thumbnail","6":"product_cat-selbsthilfe-ermachtigung","8":"first","9":"instock","10":"sale","11":"downloadable","12":"virtual","13":"purchasable","14":"product-type-simple"},"yoast_head":"<!-- This site is optimized with the Yoast SEO plugin v24.9 - https:\/\/yoast.com\/wordpress\/plugins\/seo\/ -->\n<title>Erfinde Dich Neu \u2013 Noch Heute! | Selbsthilfe E-Book von Kurt Gassner | My-Mindguide.com<\/title>\n<meta name=\"description\" content=\"Entdecken Sie &#039;Erfinde Dich Neu \u2013 Noch Heute!&#039; \u2013 ein inspirierendes Selbsthilfe E-Book von Kurt Gassner. Jetzt auf My-Mindguide.com erh\u00e4ltlich.\" \/>\n<meta name=\"robots\" content=\"index, follow, max-snippet:-1, max-image-preview:large, max-video-preview:-1\" \/>\n<link rel=\"canonical\" href=\"https:\/\/www.my-mindguide.com\/de\/produkt\/erfinde-dich-neu-noch-heute\/\" \/>\n<meta property=\"og:locale\" content=\"de_DE\" \/>\n<meta property=\"og:type\" content=\"article\" \/>\n<meta property=\"og:title\" content=\"Erfinde Dich Neu \u2013 Noch Heute! | Selbsthilfe E-Book von Kurt Gassner | My-Mindguide.com\" \/>\n<meta property=\"og:description\" content=\"Entdecken Sie &#039;Erfinde Dich Neu \u2013 Noch Heute!&#039; \u2013 ein inspirierendes Selbsthilfe E-Book von Kurt Gassner. Jetzt auf My-Mindguide.com erh\u00e4ltlich.\" \/>\n<meta property=\"og:url\" content=\"https:\/\/www.my-mindguide.com\/de\/produkt\/erfinde-dich-neu-noch-heute\/\" \/>\n<meta property=\"og:site_name\" content=\"My-Mindguide.com\" \/>\n<meta property=\"article:modified_time\" content=\"2025-04-30T11:01:04+00:00\" \/>\n<meta property=\"og:image\" content=\"https:\/\/www.my-mindguide.com\/wp-content\/uploads\/2025\/04\/Erfinde-Dich-Neu-Noch-Heute.png\" \/>\n\t<meta property=\"og:image:width\" content=\"400\" \/>\n\t<meta property=\"og:image:height\" content=\"400\" \/>\n\t<meta property=\"og:image:type\" content=\"image\/png\" \/>\n<meta name=\"twitter:card\" content=\"summary_large_image\" \/>\n<meta name=\"twitter:label1\" content=\"Gesch\u00e4tzte Lesezeit\" \/>\n\t<meta name=\"twitter:data1\" content=\"2\u00a0Minuten\" \/>\n<script type=\"application\/ld+json\" class=\"yoast-schema-graph\">{\"@context\":\"https:\/\/schema.org\",\"@graph\":[{\"@type\":\"WebPage\",\"@id\":\"https:\/\/www.my-mindguide.com\/product\/erfinde-dich-neu-noch-heute\/\",\"url\":\"https:\/\/www.my-mindguide.com\/product\/erfinde-dich-neu-noch-heute\/\",\"name\":\"Erfinde Dich Neu \u2013 Noch Heute! | Selbsthilfe E-Book von Kurt Gassner | My-Mindguide.com\",\"isPartOf\":{\"@id\":\"https:\/\/www.my-mindguide.com\/de\/#website\"},\"primaryImageOfPage\":{\"@id\":\"https:\/\/www.my-mindguide.com\/product\/erfinde-dich-neu-noch-heute\/#primaryimage\"},\"image\":{\"@id\":\"https:\/\/www.my-mindguide.com\/product\/erfinde-dich-neu-noch-heute\/#primaryimage\"},\"thumbnailUrl\":\"https:\/\/www.my-mindguide.com\/wp-content\/uploads\/2025\/04\/Erfinde-Dich-Neu-Noch-Heute.png\",\"datePublished\":\"2025-04-17T15:18:20+00:00\",\"dateModified\":\"2025-04-30T11:01:04+00:00\",\"description\":\"Entdecken Sie 'Erfinde Dich Neu \u2013 Noch Heute!' \u2013 ein inspirierendes Selbsthilfe E-Book von Kurt Gassner. Jetzt auf My-Mindguide.com erh\u00e4ltlich.\",\"breadcrumb\":{\"@id\":\"https:\/\/www.my-mindguide.com\/product\/erfinde-dich-neu-noch-heute\/#breadcrumb\"},\"inLanguage\":\"de\",\"potentialAction\":[{\"@type\":\"ReadAction\",\"target\":[\"https:\/\/www.my-mindguide.com\/product\/erfinde-dich-neu-noch-heute\/\"]}]},{\"@type\":\"ImageObject\",\"inLanguage\":\"de\",\"@id\":\"https:\/\/www.my-mindguide.com\/product\/erfinde-dich-neu-noch-heute\/#primaryimage\",\"url\":\"https:\/\/www.my-mindguide.com\/wp-content\/uploads\/2025\/04\/Erfinde-Dich-Neu-Noch-Heute.png\",\"contentUrl\":\"https:\/\/www.my-mindguide.com\/wp-content\/uploads\/2025\/04\/Erfinde-Dich-Neu-Noch-Heute.png\",\"width\":400,\"height\":400},{\"@type\":\"BreadcrumbList\",\"@id\":\"https:\/\/www.my-mindguide.com\/product\/erfinde-dich-neu-noch-heute\/#breadcrumb\",\"itemListElement\":[{\"@type\":\"ListItem\",\"position\":1,\"name\":\"Home\",\"item\":\"https:\/\/www.my-mindguide.com\/\"},{\"@type\":\"ListItem\",\"position\":2,\"name\":\"Shop\",\"item\":\"https:\/\/www.my-mindguide.com\/shop\/\"},{\"@type\":\"ListItem\",\"position\":3,\"name\":\"Erfinde Dich Neu Noch Heute!\"}]},{\"@type\":\"WebSite\",\"@id\":\"https:\/\/www.my-mindguide.com\/de\/#website\",\"url\":\"https:\/\/www.my-mindguide.com\/de\/\",\"name\":\"My Mind Guide\",\"description\":\"Inspire! Create! Live!\",\"publisher\":{\"@id\":\"https:\/\/www.my-mindguide.com\/de\/#organization\"},\"potentialAction\":[{\"@type\":\"SearchAction\",\"target\":{\"@type\":\"EntryPoint\",\"urlTemplate\":\"https:\/\/www.my-mindguide.com\/de\/?s={search_term_string}\"},\"query-input\":{\"@type\":\"PropertyValueSpecification\",\"valueRequired\":true,\"valueName\":\"search_term_string\"}}],\"inLanguage\":\"de\"},{\"@type\":\"Organization\",\"@id\":\"https:\/\/www.my-mindguide.com\/de\/#organization\",\"name\":\"Kurt Friedrich Gassner Author\",\"url\":\"https:\/\/www.my-mindguide.com\/de\/\",\"logo\":{\"@type\":\"ImageObject\",\"inLanguage\":\"de\",\"@id\":\"https:\/\/www.my-mindguide.com\/de\/#\/schema\/logo\/image\/\",\"url\":\"https:\/\/www.my-mindguide.com\/wp-content\/uploads\/2021\/10\/logo.svg\",\"contentUrl\":\"https:\/\/www.my-mindguide.com\/wp-content\/uploads\/2021\/10\/logo.svg\",\"width\":491,\"height\":91,\"caption\":\"Kurt Friedrich Gassner Author\"},\"image\":{\"@id\":\"https:\/\/www.my-mindguide.com\/de\/#\/schema\/logo\/image\/\"},\"sameAs\":[\"https:\/\/www.instagram.com\/autormindguide\/\"]}]}<\/script>\n<!-- \/ Yoast SEO plugin. -->","yoast_head_json":{"title":"Erfinde Dich Neu \u2013 Noch Heute! | Selbsthilfe E-Book von Kurt Gassner | My-Mindguide.com","description":"Entdecken Sie 'Erfinde Dich Neu \u2013 Noch Heute!' \u2013 ein inspirierendes Selbsthilfe E-Book von Kurt Gassner. Jetzt auf My-Mindguide.com erh\u00e4ltlich.","robots":{"index":"index","follow":"follow","max-snippet":"max-snippet:-1","max-image-preview":"max-image-preview:large","max-video-preview":"max-video-preview:-1"},"canonical":"https:\/\/www.my-mindguide.com\/de\/produkt\/erfinde-dich-neu-noch-heute\/","og_locale":"de_DE","og_type":"article","og_title":"Erfinde Dich Neu \u2013 Noch Heute! | Selbsthilfe E-Book von Kurt Gassner | My-Mindguide.com","og_description":"Entdecken Sie 'Erfinde Dich Neu \u2013 Noch Heute!' \u2013 ein inspirierendes Selbsthilfe E-Book von Kurt Gassner. Jetzt auf My-Mindguide.com erh\u00e4ltlich.","og_url":"https:\/\/www.my-mindguide.com\/de\/produkt\/erfinde-dich-neu-noch-heute\/","og_site_name":"My-Mindguide.com","article_modified_time":"2025-04-30T11:01:04+00:00","og_image":[{"width":400,"height":400,"url":"https:\/\/www.my-mindguide.com\/wp-content\/uploads\/2025\/04\/Erfinde-Dich-Neu-Noch-Heute.png","type":"image\/png"}],"twitter_card":"summary_large_image","twitter_misc":{"Gesch\u00e4tzte Lesezeit":"2\u00a0Minuten"},"schema":{"@context":"https:\/\/schema.org","@graph":[{"@type":"WebPage","@id":"https:\/\/www.my-mindguide.com\/product\/erfinde-dich-neu-noch-heute\/","url":"https:\/\/www.my-mindguide.com\/product\/erfinde-dich-neu-noch-heute\/","name":"Erfinde Dich Neu \u2013 Noch Heute! | Selbsthilfe E-Book von Kurt Gassner | My-Mindguide.com","isPartOf":{"@id":"https:\/\/www.my-mindguide.com\/de\/#website"},"primaryImageOfPage":{"@id":"https:\/\/www.my-mindguide.com\/product\/erfinde-dich-neu-noch-heute\/#primaryimage"},"image":{"@id":"https:\/\/www.my-mindguide.com\/product\/erfinde-dich-neu-noch-heute\/#primaryimage"},"thumbnailUrl":"https:\/\/www.my-mindguide.com\/wp-content\/uploads\/2025\/04\/Erfinde-Dich-Neu-Noch-Heute.png","datePublished":"2025-04-17T15:18:20+00:00","dateModified":"2025-04-30T11:01:04+00:00","description":"Entdecken Sie 'Erfinde Dich Neu \u2013 Noch Heute!' \u2013 ein inspirierendes Selbsthilfe E-Book von Kurt Gassner. Jetzt auf My-Mindguide.com erh\u00e4ltlich.","breadcrumb":{"@id":"https:\/\/www.my-mindguide.com\/product\/erfinde-dich-neu-noch-heute\/#breadcrumb"},"inLanguage":"de","potentialAction":[{"@type":"ReadAction","target":["https:\/\/www.my-mindguide.com\/product\/erfinde-dich-neu-noch-heute\/"]}]},{"@type":"ImageObject","inLanguage":"de","@id":"https:\/\/www.my-mindguide.com\/product\/erfinde-dich-neu-noch-heute\/#primaryimage","url":"https:\/\/www.my-mindguide.com\/wp-content\/uploads\/2025\/04\/Erfinde-Dich-Neu-Noch-Heute.png","contentUrl":"https:\/\/www.my-mindguide.com\/wp-content\/uploads\/2025\/04\/Erfinde-Dich-Neu-Noch-Heute.png","width":400,"height":400},{"@type":"BreadcrumbList","@id":"https:\/\/www.my-mindguide.com\/product\/erfinde-dich-neu-noch-heute\/#breadcrumb","itemListElement":[{"@type":"ListItem","position":1,"name":"Home","item":"https:\/\/www.my-mindguide.com\/"},{"@type":"ListItem","position":2,"name":"Shop","item":"https:\/\/www.my-mindguide.com\/shop\/"},{"@type":"ListItem","position":3,"name":"Erfinde Dich Neu Noch Heute!"}]},{"@type":"WebSite","@id":"https:\/\/www.my-mindguide.com\/de\/#website","url":"https:\/\/www.my-mindguide.com\/de\/","name":"My Mind Guide","description":"Inspire! Create! Live!","publisher":{"@id":"https:\/\/www.my-mindguide.com\/de\/#organization"},"potentialAction":[{"@type":"SearchAction","target":{"@type":"EntryPoint","urlTemplate":"https:\/\/www.my-mindguide.com\/de\/?s={search_term_string}"},"query-input":{"@type":"PropertyValueSpecification","valueRequired":true,"valueName":"search_term_string"}}],"inLanguage":"de"},{"@type":"Organization","@id":"https:\/\/www.my-mindguide.com\/de\/#organization","name":"Kurt Friedrich Gassner Author","url":"https:\/\/www.my-mindguide.com\/de\/","logo":{"@type":"ImageObject","inLanguage":"de","@id":"https:\/\/www.my-mindguide.com\/de\/#\/schema\/logo\/image\/","url":"https:\/\/www.my-mindguide.com\/wp-content\/uploads\/2021\/10\/logo.svg","contentUrl":"https:\/\/www.my-mindguide.com\/wp-content\/uploads\/2021\/10\/logo.svg","width":491,"height":91,"caption":"Kurt Friedrich Gassner Author"},"image":{"@id":"https:\/\/www.my-mindguide.com\/de\/#\/schema\/logo\/image\/"},"sameAs":["https:\/\/www.instagram.com\/autormindguide\/"]}]}},"_links":{"self":[{"href":"https:\/\/www.my-mindguide.com\/de\/wp-json\/wp\/v2\/product\/2925","targetHints":{"allow":["GET"]}}],"collection":[{"href":"https:\/\/www.my-mindguide.com\/de\/wp-json\/wp\/v2\/product"}],"about":[{"href":"https:\/\/www.my-mindguide.com\/de\/wp-json\/wp\/v2\/types\/product"}],"replies":[{"embeddable":true,"href":"https:\/\/www.my-mindguide.com\/de\/wp-json\/wp\/v2\/comments?post=2925"}],"wp:featuredmedia":[{"embeddable":true,"href":"https:\/\/www.my-mindguide.com\/de\/wp-json\/wp\/v2\/media\/2928"}],"wp:attachment":[{"href":"https:\/\/www.my-mindguide.com\/de\/wp-json\/wp\/v2\/media?parent=2925"}],"wp:term":[{"taxonomy":"product_brand","embeddable":true,"href":"https:\/\/www.my-mindguide.com\/de\/wp-json\/wp\/v2\/product_brand?post=2925"},{"taxonomy":"product_cat","embeddable":true,"href":"https:\/\/www.my-mindguide.com\/de\/wp-json\/wp\/v2\/product_cat?post=2925"},{"taxonomy":"product_tag","embeddable":true,"href":"https:\/\/www.my-mindguide.com\/de\/wp-json\/wp\/v2\/product_tag?post=2925"}],"curies":[{"name":"wp","href":"https:\/\/api.w.org\/{rel}","templated":true}]}}