{"id":2897,"date":"2025-04-17T11:09:00","date_gmt":"2025-04-17T11:09:00","guid":{"rendered":"https:\/\/www.my-mindguide.com\/?post_type=product&#038;p=2897"},"modified":"2025-04-30T17:49:11","modified_gmt":"2025-04-30T17:49:11","slug":"vergiftetes-sein","status":"publish","type":"product","link":"https:\/\/www.my-mindguide.com\/de\/produkt\/vergiftetes-sein\/","title":{"rendered":"Vergiftetes Sein"},"content":{"rendered":"<p><span class=\"a-text-bold\">In diesem Buch erf\u00e4hrst du alles, was du \u00fcber Epigenetik wissen musst!<\/span><\/p>\n<ul class=\"a-unordered-list a-vertical\">\n<li><span class=\"a-list-item\">Willst du endlich verstehen, wie \u00e4u\u00dfere Faktoren deinen K\u00f6rper &amp; Geist beeinflussen?<\/span><\/li>\n<li><span class=\"a-list-item\">Bist du vielleicht gerade dabei, etwas \u00fcber Epigenetik zu lernen und suchst nach zus\u00e4tzlichem Lesestoff?<\/span><\/li>\n<li><span class=\"a-list-item\">M\u00f6chtest du mehr \u00fcber die Rolle der Epigenetik in der modernen Wissenschaft erfahren?<\/span><\/li>\n<\/ul>\n<p><span class=\"a-text-bold\">Hiermit kannst du all das!<\/span><\/p>\n<p>Kurt Gassners \u201eVergiftetes Sein\u201c ist ein umfassender wissenschaftlicher Meilenstein, der dir helfen soll, die Geheimnisse der Epigenetik zu verstehen!<\/p>\n<p>Die Epigenetik ist ein wissenschaftliches Forschungsgebiet, das sich zunehmender Bekanntheit erfreut. Immer mehr Menschen wollen die grundlegenden Aspekte der Epigenetik verstehen und dieses kostbare Wissen nutzen, um das eigene Leben zu verbessern. Dieses augen\u00f6ffnende Buch beginnt damit, die komplexen Konzepte der Genetik verst\u00e4ndlich zu erkl\u00e4ren. Darauf aufbauend wird die Epigenetik erl\u00e4utert und unsch\u00e4tzbar wertvolle Informationen \u00fcber die Faktoren, die unsere Gene beeinflussen, offengelegt.<\/p>\n<p><span class=\"a-text-bold\">Die Lekt\u00fcre dieses aufschlussreichen Buches \u00fcber die Epigenetik wird dir helfen:<\/span><\/p>\n<ul class=\"a-unordered-list a-vertical\">\n<li><span class=\"a-list-item\">Herauszufinden, was Epigenetik ist und wie sie sich auf dein Leben auswirken kann<\/span><\/li>\n<li><span class=\"a-list-item\">Dein Wissen \u00fcber die Forschung der Epigenetik zu vertiefen<\/span><\/li>\n<li><span class=\"a-list-item\">Zu lernen, wie du die Mechanismen der Epigenetik nutzen kannst, um die Kontrolle \u00fcber dein Leben zu behalten und es zum Positiven zu ver\u00e4ndern<\/span><\/li>\n<\/ul>\n<p><span class=\"a-text-bold\">\u201eIch habe noch nie ein wissenschaftliches Fachbuch gelesen. Ist das trotzdem was f\u00fcr mich?\u201c<\/span><\/p>\n<p>Ja! Die meisten B\u00fccher \u00fcber Genetik und Epigenetik, die es auf dem Markt gibt, sind voll von schwer verst\u00e4ndlichen Theorien und komplizierter Begriffe. Im Gegensatz dazu ist \u201eVergiftetes SEIN\u201c \u201c einfach geschrieben, um jedem Leser zu erm\u00f6glichen, das Thema zu verstehen und sein Wissen zu erweitern. Der Autor nutzt die Kraft bildlicher Vergleiche, um alle wissenschaftlichen Informationen zu vereinfachen und dir zu helfen, die Funktionsweise der Epigenetik zu verstehen.<\/p>\n<p>Erfahre\u00a0<span class=\"a-text-bold\">alles \u00fcber das faszinierende Thema der Epigenetik &#8211; noch heute!<\/span><\/p>\n<p>Erh\u00e4ltlich in der DEUTSCHEN NATIONALBIBLIOTHEK<\/p>","protected":false},"excerpt":{"rendered":"<p>Wie toxische Gedanken unser Leben bestimmen \u2013 und wie wir uns davon befreien. Klarheit f\u00fcr K\u00f6rper und Geist.<\/p>\n<ul class=\"a-unordered-list a-nostyle a-vertical a-spacing-none detail-bullet-list\">\n<li><span class=\"a-list-item\"><span class=\"a-text-bold\">Herausgeber \u200f : \u200e\u00a0<\/span>Kurt Gassner (30. September 2022)<\/span><\/li>\n<li><span class=\"a-list-item\"><span class=\"a-text-bold\">Erscheinungstermin \u200f : \u200e\u00a0<\/span>30. September 2022<\/span><\/li>\n<li><span class=\"a-list-item\"><span class=\"a-text-bold\">Sprache \u200f : \u200e\u00a0<\/span>Deutsch<\/span><\/li>\n<li><span class=\"a-list-item\"><span class=\"a-text-bold\">Dateigr\u00f6\u00dfe \u200f : \u200e5<\/span>\u00a0MB<\/span><\/li>\n<li><span class=\"a-list-item\"><span class=\"a-text-bold\">Seitenzahl der Print-Ausgabe \u200f : \u200e\u00a0<\/span>180 Seiten<\/span><\/li>\n<\/ul>","protected":false},"featured_media":2900,"comment_status":"open","ping_status":"closed","template":"","meta":[],"product_brand":[],"product_cat":[41],"product_tag":[],"class_list":{"0":"post-2897","1":"product","2":"type-product","3":"status-publish","4":"has-post-thumbnail","6":"product_cat-selbsthilfe-ermachtigung","8":"first","9":"instock","10":"sale","11":"downloadable","12":"virtual","13":"purchasable","14":"product-type-simple"},"yoast_head":"<!-- This site is optimized with the Yoast SEO plugin v24.9 - https:\/\/yoast.com\/wordpress\/plugins\/seo\/ -->\n<title>Vergiftetes Sein | Selbsthilfe E-Book von Kurt Gassner | My-Mindguide.com<\/title>\n<meta name=\"description\" content=\"Entdecken Sie &#039;Vergiftetes Sein&#039; \u2013 ein inspirierendes Selbsthilfe E-Book von Kurt Gassner. Jetzt auf My-Mindguide.com erh\u00e4ltlich.\" \/>\n<meta name=\"robots\" content=\"index, follow, max-snippet:-1, max-image-preview:large, max-video-preview:-1\" \/>\n<link rel=\"canonical\" href=\"https:\/\/www.my-mindguide.com\/de\/produkt\/vergiftetes-sein\/\" \/>\n<meta property=\"og:locale\" content=\"de_DE\" \/>\n<meta property=\"og:type\" content=\"article\" \/>\n<meta property=\"og:title\" content=\"Vergiftetes Sein | Selbsthilfe E-Book von Kurt Gassner | My-Mindguide.com\" \/>\n<meta property=\"og:description\" content=\"Entdecken Sie &#039;Vergiftetes Sein&#039; \u2013 ein inspirierendes Selbsthilfe E-Book von Kurt Gassner. Jetzt auf My-Mindguide.com erh\u00e4ltlich.\" \/>\n<meta property=\"og:url\" content=\"https:\/\/www.my-mindguide.com\/de\/produkt\/vergiftetes-sein\/\" \/>\n<meta property=\"og:site_name\" content=\"My-Mindguide.com\" \/>\n<meta property=\"article:modified_time\" content=\"2025-04-30T17:49:11+00:00\" \/>\n<meta property=\"og:image\" content=\"https:\/\/www.my-mindguide.com\/wp-content\/uploads\/2025\/04\/Vergiftetes-Sein.png\" \/>\n\t<meta property=\"og:image:width\" content=\"400\" \/>\n\t<meta property=\"og:image:height\" content=\"400\" \/>\n\t<meta property=\"og:image:type\" content=\"image\/png\" \/>\n<meta name=\"twitter:card\" content=\"summary_large_image\" \/>\n<meta name=\"twitter:label1\" content=\"Gesch\u00e4tzte Lesezeit\" \/>\n\t<meta name=\"twitter:data1\" content=\"2\u00a0Minuten\" \/>\n<script type=\"application\/ld+json\" class=\"yoast-schema-graph\">{\"@context\":\"https:\/\/schema.org\",\"@graph\":[{\"@type\":\"WebPage\",\"@id\":\"https:\/\/www.my-mindguide.com\/product\/vergiftetes-sein\/\",\"url\":\"https:\/\/www.my-mindguide.com\/product\/vergiftetes-sein\/\",\"name\":\"Vergiftetes Sein | Selbsthilfe E-Book von Kurt Gassner | My-Mindguide.com\",\"isPartOf\":{\"@id\":\"https:\/\/www.my-mindguide.com\/de\/#website\"},\"primaryImageOfPage\":{\"@id\":\"https:\/\/www.my-mindguide.com\/product\/vergiftetes-sein\/#primaryimage\"},\"image\":{\"@id\":\"https:\/\/www.my-mindguide.com\/product\/vergiftetes-sein\/#primaryimage\"},\"thumbnailUrl\":\"https:\/\/www.my-mindguide.com\/wp-content\/uploads\/2025\/04\/Vergiftetes-Sein.png\",\"datePublished\":\"2025-04-17T11:09:00+00:00\",\"dateModified\":\"2025-04-30T17:49:11+00:00\",\"description\":\"Entdecken Sie 'Vergiftetes Sein' \u2013 ein inspirierendes Selbsthilfe E-Book von Kurt Gassner. Jetzt auf My-Mindguide.com erh\u00e4ltlich.\",\"breadcrumb\":{\"@id\":\"https:\/\/www.my-mindguide.com\/product\/vergiftetes-sein\/#breadcrumb\"},\"inLanguage\":\"de\",\"potentialAction\":[{\"@type\":\"ReadAction\",\"target\":[\"https:\/\/www.my-mindguide.com\/product\/vergiftetes-sein\/\"]}]},{\"@type\":\"ImageObject\",\"inLanguage\":\"de\",\"@id\":\"https:\/\/www.my-mindguide.com\/product\/vergiftetes-sein\/#primaryimage\",\"url\":\"https:\/\/www.my-mindguide.com\/wp-content\/uploads\/2025\/04\/Vergiftetes-Sein.png\",\"contentUrl\":\"https:\/\/www.my-mindguide.com\/wp-content\/uploads\/2025\/04\/Vergiftetes-Sein.png\",\"width\":400,\"height\":400},{\"@type\":\"BreadcrumbList\",\"@id\":\"https:\/\/www.my-mindguide.com\/product\/vergiftetes-sein\/#breadcrumb\",\"itemListElement\":[{\"@type\":\"ListItem\",\"position\":1,\"name\":\"Home\",\"item\":\"https:\/\/www.my-mindguide.com\/\"},{\"@type\":\"ListItem\",\"position\":2,\"name\":\"Shop\",\"item\":\"https:\/\/www.my-mindguide.com\/shop\/\"},{\"@type\":\"ListItem\",\"position\":3,\"name\":\"Vergiftetes Sein\"}]},{\"@type\":\"WebSite\",\"@id\":\"https:\/\/www.my-mindguide.com\/de\/#website\",\"url\":\"https:\/\/www.my-mindguide.com\/de\/\",\"name\":\"My Mind Guide\",\"description\":\"Inspire! Create! Live!\",\"publisher\":{\"@id\":\"https:\/\/www.my-mindguide.com\/de\/#organization\"},\"potentialAction\":[{\"@type\":\"SearchAction\",\"target\":{\"@type\":\"EntryPoint\",\"urlTemplate\":\"https:\/\/www.my-mindguide.com\/de\/?s={search_term_string}\"},\"query-input\":{\"@type\":\"PropertyValueSpecification\",\"valueRequired\":true,\"valueName\":\"search_term_string\"}}],\"inLanguage\":\"de\"},{\"@type\":\"Organization\",\"@id\":\"https:\/\/www.my-mindguide.com\/de\/#organization\",\"name\":\"Kurt Friedrich Gassner Author\",\"url\":\"https:\/\/www.my-mindguide.com\/de\/\",\"logo\":{\"@type\":\"ImageObject\",\"inLanguage\":\"de\",\"@id\":\"https:\/\/www.my-mindguide.com\/de\/#\/schema\/logo\/image\/\",\"url\":\"https:\/\/www.my-mindguide.com\/wp-content\/uploads\/2021\/10\/logo.svg\",\"contentUrl\":\"https:\/\/www.my-mindguide.com\/wp-content\/uploads\/2021\/10\/logo.svg\",\"width\":491,\"height\":91,\"caption\":\"Kurt Friedrich Gassner Author\"},\"image\":{\"@id\":\"https:\/\/www.my-mindguide.com\/de\/#\/schema\/logo\/image\/\"},\"sameAs\":[\"https:\/\/www.instagram.com\/autormindguide\/\"]}]}<\/script>\n<!-- \/ Yoast SEO plugin. -->","yoast_head_json":{"title":"Vergiftetes Sein | Selbsthilfe E-Book von Kurt Gassner | My-Mindguide.com","description":"Entdecken Sie 'Vergiftetes Sein' \u2013 ein inspirierendes Selbsthilfe E-Book von Kurt Gassner. Jetzt auf My-Mindguide.com erh\u00e4ltlich.","robots":{"index":"index","follow":"follow","max-snippet":"max-snippet:-1","max-image-preview":"max-image-preview:large","max-video-preview":"max-video-preview:-1"},"canonical":"https:\/\/www.my-mindguide.com\/de\/produkt\/vergiftetes-sein\/","og_locale":"de_DE","og_type":"article","og_title":"Vergiftetes Sein | Selbsthilfe E-Book von Kurt Gassner | My-Mindguide.com","og_description":"Entdecken Sie 'Vergiftetes Sein' \u2013 ein inspirierendes Selbsthilfe E-Book von Kurt Gassner. Jetzt auf My-Mindguide.com erh\u00e4ltlich.","og_url":"https:\/\/www.my-mindguide.com\/de\/produkt\/vergiftetes-sein\/","og_site_name":"My-Mindguide.com","article_modified_time":"2025-04-30T17:49:11+00:00","og_image":[{"width":400,"height":400,"url":"https:\/\/www.my-mindguide.com\/wp-content\/uploads\/2025\/04\/Vergiftetes-Sein.png","type":"image\/png"}],"twitter_card":"summary_large_image","twitter_misc":{"Gesch\u00e4tzte Lesezeit":"2\u00a0Minuten"},"schema":{"@context":"https:\/\/schema.org","@graph":[{"@type":"WebPage","@id":"https:\/\/www.my-mindguide.com\/product\/vergiftetes-sein\/","url":"https:\/\/www.my-mindguide.com\/product\/vergiftetes-sein\/","name":"Vergiftetes Sein | Selbsthilfe E-Book von Kurt Gassner | My-Mindguide.com","isPartOf":{"@id":"https:\/\/www.my-mindguide.com\/de\/#website"},"primaryImageOfPage":{"@id":"https:\/\/www.my-mindguide.com\/product\/vergiftetes-sein\/#primaryimage"},"image":{"@id":"https:\/\/www.my-mindguide.com\/product\/vergiftetes-sein\/#primaryimage"},"thumbnailUrl":"https:\/\/www.my-mindguide.com\/wp-content\/uploads\/2025\/04\/Vergiftetes-Sein.png","datePublished":"2025-04-17T11:09:00+00:00","dateModified":"2025-04-30T17:49:11+00:00","description":"Entdecken Sie 'Vergiftetes Sein' \u2013 ein inspirierendes Selbsthilfe E-Book von Kurt Gassner. Jetzt auf My-Mindguide.com erh\u00e4ltlich.","breadcrumb":{"@id":"https:\/\/www.my-mindguide.com\/product\/vergiftetes-sein\/#breadcrumb"},"inLanguage":"de","potentialAction":[{"@type":"ReadAction","target":["https:\/\/www.my-mindguide.com\/product\/vergiftetes-sein\/"]}]},{"@type":"ImageObject","inLanguage":"de","@id":"https:\/\/www.my-mindguide.com\/product\/vergiftetes-sein\/#primaryimage","url":"https:\/\/www.my-mindguide.com\/wp-content\/uploads\/2025\/04\/Vergiftetes-Sein.png","contentUrl":"https:\/\/www.my-mindguide.com\/wp-content\/uploads\/2025\/04\/Vergiftetes-Sein.png","width":400,"height":400},{"@type":"BreadcrumbList","@id":"https:\/\/www.my-mindguide.com\/product\/vergiftetes-sein\/#breadcrumb","itemListElement":[{"@type":"ListItem","position":1,"name":"Home","item":"https:\/\/www.my-mindguide.com\/"},{"@type":"ListItem","position":2,"name":"Shop","item":"https:\/\/www.my-mindguide.com\/shop\/"},{"@type":"ListItem","position":3,"name":"Vergiftetes Sein"}]},{"@type":"WebSite","@id":"https:\/\/www.my-mindguide.com\/de\/#website","url":"https:\/\/www.my-mindguide.com\/de\/","name":"My Mind Guide","description":"Inspire! Create! Live!","publisher":{"@id":"https:\/\/www.my-mindguide.com\/de\/#organization"},"potentialAction":[{"@type":"SearchAction","target":{"@type":"EntryPoint","urlTemplate":"https:\/\/www.my-mindguide.com\/de\/?s={search_term_string}"},"query-input":{"@type":"PropertyValueSpecification","valueRequired":true,"valueName":"search_term_string"}}],"inLanguage":"de"},{"@type":"Organization","@id":"https:\/\/www.my-mindguide.com\/de\/#organization","name":"Kurt Friedrich Gassner Author","url":"https:\/\/www.my-mindguide.com\/de\/","logo":{"@type":"ImageObject","inLanguage":"de","@id":"https:\/\/www.my-mindguide.com\/de\/#\/schema\/logo\/image\/","url":"https:\/\/www.my-mindguide.com\/wp-content\/uploads\/2021\/10\/logo.svg","contentUrl":"https:\/\/www.my-mindguide.com\/wp-content\/uploads\/2021\/10\/logo.svg","width":491,"height":91,"caption":"Kurt Friedrich Gassner Author"},"image":{"@id":"https:\/\/www.my-mindguide.com\/de\/#\/schema\/logo\/image\/"},"sameAs":["https:\/\/www.instagram.com\/autormindguide\/"]}]}},"_links":{"self":[{"href":"https:\/\/www.my-mindguide.com\/de\/wp-json\/wp\/v2\/product\/2897","targetHints":{"allow":["GET"]}}],"collection":[{"href":"https:\/\/www.my-mindguide.com\/de\/wp-json\/wp\/v2\/product"}],"about":[{"href":"https:\/\/www.my-mindguide.com\/de\/wp-json\/wp\/v2\/types\/product"}],"replies":[{"embeddable":true,"href":"https:\/\/www.my-mindguide.com\/de\/wp-json\/wp\/v2\/comments?post=2897"}],"wp:featuredmedia":[{"embeddable":true,"href":"https:\/\/www.my-mindguide.com\/de\/wp-json\/wp\/v2\/media\/2900"}],"wp:attachment":[{"href":"https:\/\/www.my-mindguide.com\/de\/wp-json\/wp\/v2\/media?parent=2897"}],"wp:term":[{"taxonomy":"product_brand","embeddable":true,"href":"https:\/\/www.my-mindguide.com\/de\/wp-json\/wp\/v2\/product_brand?post=2897"},{"taxonomy":"product_cat","embeddable":true,"href":"https:\/\/www.my-mindguide.com\/de\/wp-json\/wp\/v2\/product_cat?post=2897"},{"taxonomy":"product_tag","embeddable":true,"href":"https:\/\/www.my-mindguide.com\/de\/wp-json\/wp\/v2\/product_tag?post=2897"}],"curies":[{"name":"wp","href":"https:\/\/api.w.org\/{rel}","templated":true}]}}