{"id":2893,"date":"2025-04-17T10:54:19","date_gmt":"2025-04-17T10:54:19","guid":{"rendered":"https:\/\/www.my-mindguide.com\/?post_type=product&#038;p=2893"},"modified":"2025-04-30T14:43:28","modified_gmt":"2025-04-30T14:43:28","slug":"schuld-und-scham-die-unheiligen-geschwister","status":"publish","type":"product","link":"https:\/\/www.my-mindguide.com\/de\/produkt\/schuld-und-scham-die-unheiligen-geschwister\/","title":{"rendered":"Schuld Und Scham Die Unheiligen Geschwister"},"content":{"rendered":"<p><span class=\"a-text-bold\">Versteh Schuld und Scham und halte sie davon ab, dich zur\u00fcckzuhalten!<\/span><br \/>\nWirst du oft von Schuld- und Schamgef\u00fchlen \u00fcberw\u00e4ltigt?<br \/>\nM\u00f6chtest du lernen, wie du dir selbst verzeihen und ein gl\u00fccklicheres Leben f\u00fchren kannst?<br \/>\n<span class=\"a-text-bold\">Wir stellen vor: \u201eSchuld und Scham&#8221; von Kurt Gassner!<\/span><\/p>\n<p>Scham und Schuld haben viel gemeinsam. Sie sind selbstbewusste Emotionen, die Selbstreflexion und Selbsteinsch\u00e4tzung voraussetzen. Sie beinhalten negative Selbsteinsch\u00e4tzungen und Gef\u00fchle der Verzweiflung, die durch wahrgenommenes Versagen ausgel\u00f6st werden, korrelieren stark miteinander und treten oft nebeneinander auf. Die meisten Forscher sind jedoch der Ansicht, dass Scham und Schuld voneinander zu unterscheiden sind und dass ihre Unterschiede von Bedeutung sind.<br \/>\nSchuld ist ein Gef\u00fchl, das man empfindet, wenn man sich wegen einer bestimmten Sache oder eines bestimmten Ereignisses schlecht f\u00fchlt; etwas, das man getan oder nicht getan hat. Scham hingegen ist ein \u00fcbergreifendes Gef\u00fchl, dass man unzul\u00e4nglich ist oder dass man als Mensch insgesamt irgendwie schlecht oder falsch ist.<\/p>\n<p>Die Vergangenheit loszulassen und zu lernen, sich selbst zu verzeihen, sind zwei Dinge, die dir helfen k\u00f6nnen, Schuld- und Schamgef\u00fchle und all die damit verbundenen negativen Emotionen zu \u00fcberwinden!<\/p>\n<p>Eine Sache, die du nicht vergessen solltest, ist, dass du nicht allein bist. Es gibt viele Menschen da drau\u00dfen, die damit k\u00e4mpfen, weiterzukommen und sich selbst oder anderen zu vergeben. In diesem Buch untersucht Kurt Gassner die Unterschiede zwischen Schuld und Scham und verr\u00e4t Tricks und Techniken, die dir helfen, deine Emotionen zu regulieren und dich von diesen Gef\u00fchlen zu befreien.<\/p>\n<p><span class=\"a-text-bold\">Die 3 besten Gr\u00fcnde, dieses inspirierende Buch noch heute zu kaufen:<\/span><\/p>\n<p>\u2714\ufe0f Verstehen, was Schuld und Scham sind und wie man sie voneinander unterscheidet<br \/>\n\u2714\ufe0f Entdecke, wie sie dein Leben beeinflussen k\u00f6nnen<br \/>\n\u2714\ufe0f Finde heraus, wie du dir selbst verzeihen und ein besseres Leben f\u00fchren kannst<\/p>\n<p>Erh\u00e4ltlich in der DEUTSCHEN NATIONALBIBLIOTHEK<\/p>","protected":false},"excerpt":{"rendered":"<p>Befreie dich von den Fesseln alter Emotionen! Wege zu innerer Heilung und Selbstannahme.<\/p>\n<ul class=\"a-unordered-list a-nostyle a-vertical a-spacing-none detail-bullet-list\">\n<li><span class=\"a-list-item\"><span class=\"a-text-bold\">Publisher \u200f : \u200e\u00a0<\/span>Kurt Gassner (August 30, 2022)<\/span><\/li>\n<li><span class=\"a-list-item\"><span class=\"a-text-bold\">Publication date \u200f : \u200e\u00a0<\/span>August 30, 2022<\/span><\/li>\n<li><span class=\"a-list-item\"><span class=\"a-text-bold\">Language \u200f : \u200e\u00a0<\/span>German<\/span><\/li>\n<li><span class=\"a-list-item\"><span class=\"a-text-bold\">File size \u200f : \u200e\u00a0<\/span>6.6 MB<\/span><\/li>\n<li><span class=\"a-list-item\"><span class=\"a-text-bold\">Print length \u200f : \u200e\u00a0<\/span>185 pages<\/span><\/li>\n<\/ul>","protected":false},"featured_media":2896,"comment_status":"open","ping_status":"closed","template":"","meta":[],"product_brand":[],"product_cat":[41],"product_tag":[],"class_list":{"0":"post-2893","1":"product","2":"type-product","3":"status-publish","4":"has-post-thumbnail","6":"product_cat-selbsthilfe-ermachtigung","8":"first","9":"instock","10":"sale","11":"downloadable","12":"virtual","13":"purchasable","14":"product-type-simple"},"yoast_head":"<!-- This site is optimized with the Yoast SEO plugin v24.9 - https:\/\/yoast.com\/wordpress\/plugins\/seo\/ -->\n<title>Schuld und Scham \u2013 Die Unheiligen Geschwister | Selbsthilfe E-Book von Kurt Gassner | My-Mindguide.com<\/title>\n<meta name=\"description\" content=\"Entdecken Sie &#039;Schuld und Scham \u2013 Die Unheiligen Geschwister&#039; \u2013 ein inspirierendes Selbsthilfe E-Book von Kurt Gassner. Jetzt auf My-Mindguide.com erh\u00e4ltlich.\" \/>\n<meta name=\"robots\" content=\"index, follow, max-snippet:-1, max-image-preview:large, max-video-preview:-1\" \/>\n<link rel=\"canonical\" href=\"https:\/\/www.my-mindguide.com\/de\/produkt\/schuld-und-scham-die-unheiligen-geschwister\/\" \/>\n<meta property=\"og:locale\" content=\"de_DE\" \/>\n<meta property=\"og:type\" content=\"article\" \/>\n<meta property=\"og:title\" content=\"Schuld und Scham \u2013 Die Unheiligen Geschwister | Selbsthilfe E-Book von Kurt Gassner | My-Mindguide.com\" \/>\n<meta property=\"og:description\" content=\"Entdecken Sie &#039;Schuld und Scham \u2013 Die Unheiligen Geschwister&#039; \u2013 ein inspirierendes Selbsthilfe E-Book von Kurt Gassner. Jetzt auf My-Mindguide.com erh\u00e4ltlich.\" \/>\n<meta property=\"og:url\" content=\"https:\/\/www.my-mindguide.com\/de\/produkt\/schuld-und-scham-die-unheiligen-geschwister\/\" \/>\n<meta property=\"og:site_name\" content=\"My-Mindguide.com\" \/>\n<meta property=\"article:modified_time\" content=\"2025-04-30T14:43:28+00:00\" \/>\n<meta property=\"og:image\" content=\"https:\/\/www.my-mindguide.com\/wp-content\/uploads\/2025\/04\/Schuld-und-Scham.png\" \/>\n\t<meta property=\"og:image:width\" content=\"400\" \/>\n\t<meta property=\"og:image:height\" content=\"400\" \/>\n\t<meta property=\"og:image:type\" content=\"image\/png\" \/>\n<meta name=\"twitter:card\" content=\"summary_large_image\" \/>\n<meta name=\"twitter:label1\" content=\"Gesch\u00e4tzte Lesezeit\" \/>\n\t<meta name=\"twitter:data1\" content=\"2\u00a0Minuten\" \/>\n<script type=\"application\/ld+json\" class=\"yoast-schema-graph\">{\"@context\":\"https:\/\/schema.org\",\"@graph\":[{\"@type\":\"WebPage\",\"@id\":\"https:\/\/www.my-mindguide.com\/product\/schuld-und-scham-die-unheiligen-geschwister\/\",\"url\":\"https:\/\/www.my-mindguide.com\/product\/schuld-und-scham-die-unheiligen-geschwister\/\",\"name\":\"Schuld und Scham \u2013 Die Unheiligen Geschwister | Selbsthilfe E-Book von Kurt Gassner | My-Mindguide.com\",\"isPartOf\":{\"@id\":\"https:\/\/www.my-mindguide.com\/de\/#website\"},\"primaryImageOfPage\":{\"@id\":\"https:\/\/www.my-mindguide.com\/product\/schuld-und-scham-die-unheiligen-geschwister\/#primaryimage\"},\"image\":{\"@id\":\"https:\/\/www.my-mindguide.com\/product\/schuld-und-scham-die-unheiligen-geschwister\/#primaryimage\"},\"thumbnailUrl\":\"https:\/\/www.my-mindguide.com\/wp-content\/uploads\/2025\/04\/Schuld-und-Scham.png\",\"datePublished\":\"2025-04-17T10:54:19+00:00\",\"dateModified\":\"2025-04-30T14:43:28+00:00\",\"description\":\"Entdecken Sie 'Schuld und Scham \u2013 Die Unheiligen Geschwister' \u2013 ein inspirierendes Selbsthilfe E-Book von Kurt Gassner. Jetzt auf My-Mindguide.com erh\u00e4ltlich.\",\"breadcrumb\":{\"@id\":\"https:\/\/www.my-mindguide.com\/product\/schuld-und-scham-die-unheiligen-geschwister\/#breadcrumb\"},\"inLanguage\":\"de\",\"potentialAction\":[{\"@type\":\"ReadAction\",\"target\":[\"https:\/\/www.my-mindguide.com\/product\/schuld-und-scham-die-unheiligen-geschwister\/\"]}]},{\"@type\":\"ImageObject\",\"inLanguage\":\"de\",\"@id\":\"https:\/\/www.my-mindguide.com\/product\/schuld-und-scham-die-unheiligen-geschwister\/#primaryimage\",\"url\":\"https:\/\/www.my-mindguide.com\/wp-content\/uploads\/2025\/04\/Schuld-und-Scham.png\",\"contentUrl\":\"https:\/\/www.my-mindguide.com\/wp-content\/uploads\/2025\/04\/Schuld-und-Scham.png\",\"width\":400,\"height\":400},{\"@type\":\"BreadcrumbList\",\"@id\":\"https:\/\/www.my-mindguide.com\/product\/schuld-und-scham-die-unheiligen-geschwister\/#breadcrumb\",\"itemListElement\":[{\"@type\":\"ListItem\",\"position\":1,\"name\":\"Home\",\"item\":\"https:\/\/www.my-mindguide.com\/\"},{\"@type\":\"ListItem\",\"position\":2,\"name\":\"Shop\",\"item\":\"https:\/\/www.my-mindguide.com\/shop\/\"},{\"@type\":\"ListItem\",\"position\":3,\"name\":\"Schuld Und Scham Die Unheiligen Geschwister\"}]},{\"@type\":\"WebSite\",\"@id\":\"https:\/\/www.my-mindguide.com\/de\/#website\",\"url\":\"https:\/\/www.my-mindguide.com\/de\/\",\"name\":\"My Mind Guide\",\"description\":\"Inspire! Create! Live!\",\"publisher\":{\"@id\":\"https:\/\/www.my-mindguide.com\/de\/#organization\"},\"potentialAction\":[{\"@type\":\"SearchAction\",\"target\":{\"@type\":\"EntryPoint\",\"urlTemplate\":\"https:\/\/www.my-mindguide.com\/de\/?s={search_term_string}\"},\"query-input\":{\"@type\":\"PropertyValueSpecification\",\"valueRequired\":true,\"valueName\":\"search_term_string\"}}],\"inLanguage\":\"de\"},{\"@type\":\"Organization\",\"@id\":\"https:\/\/www.my-mindguide.com\/de\/#organization\",\"name\":\"Kurt Friedrich Gassner Author\",\"url\":\"https:\/\/www.my-mindguide.com\/de\/\",\"logo\":{\"@type\":\"ImageObject\",\"inLanguage\":\"de\",\"@id\":\"https:\/\/www.my-mindguide.com\/de\/#\/schema\/logo\/image\/\",\"url\":\"https:\/\/www.my-mindguide.com\/wp-content\/uploads\/2021\/10\/logo.svg\",\"contentUrl\":\"https:\/\/www.my-mindguide.com\/wp-content\/uploads\/2021\/10\/logo.svg\",\"width\":491,\"height\":91,\"caption\":\"Kurt Friedrich Gassner Author\"},\"image\":{\"@id\":\"https:\/\/www.my-mindguide.com\/de\/#\/schema\/logo\/image\/\"},\"sameAs\":[\"https:\/\/www.instagram.com\/autormindguide\/\"]}]}<\/script>\n<!-- \/ Yoast SEO plugin. -->","yoast_head_json":{"title":"Schuld und Scham \u2013 Die Unheiligen Geschwister | Selbsthilfe E-Book von Kurt Gassner | My-Mindguide.com","description":"Entdecken Sie 'Schuld und Scham \u2013 Die Unheiligen Geschwister' \u2013 ein inspirierendes Selbsthilfe E-Book von Kurt Gassner. Jetzt auf My-Mindguide.com erh\u00e4ltlich.","robots":{"index":"index","follow":"follow","max-snippet":"max-snippet:-1","max-image-preview":"max-image-preview:large","max-video-preview":"max-video-preview:-1"},"canonical":"https:\/\/www.my-mindguide.com\/de\/produkt\/schuld-und-scham-die-unheiligen-geschwister\/","og_locale":"de_DE","og_type":"article","og_title":"Schuld und Scham \u2013 Die Unheiligen Geschwister | Selbsthilfe E-Book von Kurt Gassner | My-Mindguide.com","og_description":"Entdecken Sie 'Schuld und Scham \u2013 Die Unheiligen Geschwister' \u2013 ein inspirierendes Selbsthilfe E-Book von Kurt Gassner. Jetzt auf My-Mindguide.com erh\u00e4ltlich.","og_url":"https:\/\/www.my-mindguide.com\/de\/produkt\/schuld-und-scham-die-unheiligen-geschwister\/","og_site_name":"My-Mindguide.com","article_modified_time":"2025-04-30T14:43:28+00:00","og_image":[{"width":400,"height":400,"url":"https:\/\/www.my-mindguide.com\/wp-content\/uploads\/2025\/04\/Schuld-und-Scham.png","type":"image\/png"}],"twitter_card":"summary_large_image","twitter_misc":{"Gesch\u00e4tzte Lesezeit":"2\u00a0Minuten"},"schema":{"@context":"https:\/\/schema.org","@graph":[{"@type":"WebPage","@id":"https:\/\/www.my-mindguide.com\/product\/schuld-und-scham-die-unheiligen-geschwister\/","url":"https:\/\/www.my-mindguide.com\/product\/schuld-und-scham-die-unheiligen-geschwister\/","name":"Schuld und Scham \u2013 Die Unheiligen Geschwister | Selbsthilfe E-Book von Kurt Gassner | My-Mindguide.com","isPartOf":{"@id":"https:\/\/www.my-mindguide.com\/de\/#website"},"primaryImageOfPage":{"@id":"https:\/\/www.my-mindguide.com\/product\/schuld-und-scham-die-unheiligen-geschwister\/#primaryimage"},"image":{"@id":"https:\/\/www.my-mindguide.com\/product\/schuld-und-scham-die-unheiligen-geschwister\/#primaryimage"},"thumbnailUrl":"https:\/\/www.my-mindguide.com\/wp-content\/uploads\/2025\/04\/Schuld-und-Scham.png","datePublished":"2025-04-17T10:54:19+00:00","dateModified":"2025-04-30T14:43:28+00:00","description":"Entdecken Sie 'Schuld und Scham \u2013 Die Unheiligen Geschwister' \u2013 ein inspirierendes Selbsthilfe E-Book von Kurt Gassner. Jetzt auf My-Mindguide.com erh\u00e4ltlich.","breadcrumb":{"@id":"https:\/\/www.my-mindguide.com\/product\/schuld-und-scham-die-unheiligen-geschwister\/#breadcrumb"},"inLanguage":"de","potentialAction":[{"@type":"ReadAction","target":["https:\/\/www.my-mindguide.com\/product\/schuld-und-scham-die-unheiligen-geschwister\/"]}]},{"@type":"ImageObject","inLanguage":"de","@id":"https:\/\/www.my-mindguide.com\/product\/schuld-und-scham-die-unheiligen-geschwister\/#primaryimage","url":"https:\/\/www.my-mindguide.com\/wp-content\/uploads\/2025\/04\/Schuld-und-Scham.png","contentUrl":"https:\/\/www.my-mindguide.com\/wp-content\/uploads\/2025\/04\/Schuld-und-Scham.png","width":400,"height":400},{"@type":"BreadcrumbList","@id":"https:\/\/www.my-mindguide.com\/product\/schuld-und-scham-die-unheiligen-geschwister\/#breadcrumb","itemListElement":[{"@type":"ListItem","position":1,"name":"Home","item":"https:\/\/www.my-mindguide.com\/"},{"@type":"ListItem","position":2,"name":"Shop","item":"https:\/\/www.my-mindguide.com\/shop\/"},{"@type":"ListItem","position":3,"name":"Schuld Und Scham Die Unheiligen Geschwister"}]},{"@type":"WebSite","@id":"https:\/\/www.my-mindguide.com\/de\/#website","url":"https:\/\/www.my-mindguide.com\/de\/","name":"My Mind Guide","description":"Inspire! Create! Live!","publisher":{"@id":"https:\/\/www.my-mindguide.com\/de\/#organization"},"potentialAction":[{"@type":"SearchAction","target":{"@type":"EntryPoint","urlTemplate":"https:\/\/www.my-mindguide.com\/de\/?s={search_term_string}"},"query-input":{"@type":"PropertyValueSpecification","valueRequired":true,"valueName":"search_term_string"}}],"inLanguage":"de"},{"@type":"Organization","@id":"https:\/\/www.my-mindguide.com\/de\/#organization","name":"Kurt Friedrich Gassner Author","url":"https:\/\/www.my-mindguide.com\/de\/","logo":{"@type":"ImageObject","inLanguage":"de","@id":"https:\/\/www.my-mindguide.com\/de\/#\/schema\/logo\/image\/","url":"https:\/\/www.my-mindguide.com\/wp-content\/uploads\/2021\/10\/logo.svg","contentUrl":"https:\/\/www.my-mindguide.com\/wp-content\/uploads\/2021\/10\/logo.svg","width":491,"height":91,"caption":"Kurt Friedrich Gassner Author"},"image":{"@id":"https:\/\/www.my-mindguide.com\/de\/#\/schema\/logo\/image\/"},"sameAs":["https:\/\/www.instagram.com\/autormindguide\/"]}]}},"_links":{"self":[{"href":"https:\/\/www.my-mindguide.com\/de\/wp-json\/wp\/v2\/product\/2893","targetHints":{"allow":["GET"]}}],"collection":[{"href":"https:\/\/www.my-mindguide.com\/de\/wp-json\/wp\/v2\/product"}],"about":[{"href":"https:\/\/www.my-mindguide.com\/de\/wp-json\/wp\/v2\/types\/product"}],"replies":[{"embeddable":true,"href":"https:\/\/www.my-mindguide.com\/de\/wp-json\/wp\/v2\/comments?post=2893"}],"wp:featuredmedia":[{"embeddable":true,"href":"https:\/\/www.my-mindguide.com\/de\/wp-json\/wp\/v2\/media\/2896"}],"wp:attachment":[{"href":"https:\/\/www.my-mindguide.com\/de\/wp-json\/wp\/v2\/media?parent=2893"}],"wp:term":[{"taxonomy":"product_brand","embeddable":true,"href":"https:\/\/www.my-mindguide.com\/de\/wp-json\/wp\/v2\/product_brand?post=2893"},{"taxonomy":"product_cat","embeddable":true,"href":"https:\/\/www.my-mindguide.com\/de\/wp-json\/wp\/v2\/product_cat?post=2893"},{"taxonomy":"product_tag","embeddable":true,"href":"https:\/\/www.my-mindguide.com\/de\/wp-json\/wp\/v2\/product_tag?post=2893"}],"curies":[{"name":"wp","href":"https:\/\/api.w.org\/{rel}","templated":true}]}}