{"id":2887,"date":"2025-04-17T10:32:22","date_gmt":"2025-04-17T10:32:22","guid":{"rendered":"https:\/\/www.my-mindguide.com\/?post_type=product&#038;p=2887"},"modified":"2025-04-30T10:51:28","modified_gmt":"2025-04-30T10:51:28","slug":"ecko-wegen-erfolg-gefeuert","status":"publish","type":"product","link":"https:\/\/www.my-mindguide.com\/de\/produkt\/ecko-wegen-erfolg-gefeuert\/","title":{"rendered":"Ecko Wegen Erfolg Gefeuert"},"content":{"rendered":"<p>Unsere Welt durchlebt einen Wandel. Gedanken von heute verblassen hinter den Sorgen vor morgen und was heute wichtig ist, kann morgen bereits vergessen sein. Der Wind of Change tr\u00e4gt viele \u00c4ngste heran, mit denen vor allem junge F\u00fchrungskr\u00e4fte zu k\u00e4mpfen haben. Eine Frage b\u00e4umt sich dabei besonders hoch auf und stellt die Aussicht auf Erfolg h\u00e4ufig in den Schatten:\u00a0<span class=\"a-text-bold\">Was passiert, wenn ich scheitere?<\/span><\/p>\n<p>Jede*r Unternehmer*in f\u00fchlt sich irgendwann der Angst vor dem Scheitern ausgesetzt. Die Umst\u00e4nde der letzten Jahre sorgen f\u00fcr zus\u00e4tzliche Verunsicherung. Diese Angst ist einer der h\u00e4ufigen Gr\u00fcnde, warum viele Menschen es nicht wagen, sich selbstst\u00e4ndig zu machen. Das ist schade, denn gerade das Scheitern birgt eine Menge Chancen.<\/p>\n<p><span class=\"a-text-italic\">\u201eTitel\u201c<\/span>\u00a0soll Ihnen die Angst nehmen und Sie ermutigen, an Ihren Tr\u00e4umen festzuhalten. Es wird Sie auf Ihrem Weg, eine erfolgreiche F\u00fchrungskraft zu werden, mit umfassenden Lektionen und zahlreiche Tipps und Tricks begleiten.<br \/>\nWas macht Google und Co. so erfolgreich? Wieso scheitern so viele junge Unternehmen? Und wurde Amazon eigentlich in Deutschland erfunden?<\/p>\n<p>Wahre Geschichten aus dem Leben des erfahrenden Unternehmers und Autors Kurt Friedrich Gassner geben wertvolle Beispiele, die Ihnen dabei helfen werden zu erkennen, dass Misserfolge nicht das Ende der Karriere bedeuten, sondern das Scheitern sogar der schnellste Weg zum Erfolg sein kann. Sie werden erfahren, wie leicht es ist, die eigene Perspektive zu \u00e4ndern und eine hervorragende F\u00fchrungskraft zu werden.<\/p>\n<p><span class=\"a-text-bold\">Das erwartet Sie:<\/span><\/p>\n<p>\u2714\ufe0f Erforschen Sie die Kultur des Scheiterns im europ\u00e4ischen Management<br \/>\n\u2714\ufe0f Lernen Sie wertvolle Lektionen aus der Geschichte von Amazon, Tesla und Google<br \/>\n\u2714\ufe0f Erproben Sie Methoden der Konfliktbew\u00e4ltigung<br \/>\n\u2714\ufe0f Finden Sie heraus, wie Sie eine Unternehmenskultur des Wachstums erschaffen k\u00f6nnen<br \/>\n\u2714\ufe0f Werden Sie eine erstklassige F\u00fchrungsperson<\/p>\n<p>Erh\u00e4ltlich in der DEUTSCHE NATIONALBIBLIOTHEK<\/p>","protected":false},"excerpt":{"rendered":"<p>Wenn Erfolg zum Problem wird: eine inspirierende wahre Geschichte. Mut zur Ver\u00e4nderung trotz Widerst\u00e4nden!<\/p>\n<ul class=\"a-unordered-list a-nostyle a-vertical a-spacing-none detail-bullet-list\">\n<li><span class=\"a-list-item\"><span class=\"a-text-bold\">Erscheinungstermin \u200f : \u200e\u00a0<\/span>15. Juni 2022<\/span><\/li>\n<li><span class=\"a-list-item\"><span class=\"a-text-bold\">Sprache \u200f : \u200e\u00a0<\/span>Deutsch<\/span><\/li>\n<li><span class=\"a-list-item\"><span class=\"a-text-bold\">Dateigr\u00f6\u00dfe \u200f : \u200e\u00a0<\/span>6 MB<\/span><\/li>\n<li><span class=\"a-list-item\"><span class=\"a-text-bold\">Seitenzahl der Print-Ausgabe \u200f : \u200e\u00a0<\/span>231 Seiten<\/span><\/li>\n<\/ul>","protected":false},"featured_media":2888,"comment_status":"open","ping_status":"closed","template":"","meta":[],"product_brand":[],"product_cat":[44],"product_tag":[],"class_list":{"0":"post-2887","1":"product","2":"type-product","3":"status-publish","4":"has-post-thumbnail","6":"product_cat-geschaft-achtsames-geschaft","8":"first","9":"instock","10":"sale","11":"downloadable","12":"virtual","13":"purchasable","14":"product-type-simple"},"yoast_head":"<!-- This site is optimized with the Yoast SEO plugin v24.9 - https:\/\/yoast.com\/wordpress\/plugins\/seo\/ -->\n<title>Ecko \u2013 Wegen Erfolg Gefeuert | Selbsthilfe E-Book von Kurt Gassner | My-Mindguide.com<\/title>\n<meta name=\"description\" content=\"Entdecken Sie &#039;Ecko \u2013 Wegen Erfolg Gefeuert&#039; \u2013 ein inspirierendes Selbsthilfe E-Book von Kurt Gassner. Jetzt auf My-Mindguide.com erh\u00e4ltlich.\" \/>\n<meta name=\"robots\" content=\"index, follow, max-snippet:-1, max-image-preview:large, max-video-preview:-1\" \/>\n<link rel=\"canonical\" href=\"https:\/\/www.my-mindguide.com\/de\/produkt\/ecko-wegen-erfolg-gefeuert\/\" \/>\n<meta property=\"og:locale\" content=\"de_DE\" \/>\n<meta property=\"og:type\" content=\"article\" \/>\n<meta property=\"og:title\" content=\"Ecko \u2013 Wegen Erfolg Gefeuert | Selbsthilfe E-Book von Kurt Gassner | My-Mindguide.com\" \/>\n<meta property=\"og:description\" content=\"Entdecken Sie &#039;Ecko \u2013 Wegen Erfolg Gefeuert&#039; \u2013 ein inspirierendes Selbsthilfe E-Book von Kurt Gassner. Jetzt auf My-Mindguide.com erh\u00e4ltlich.\" \/>\n<meta property=\"og:url\" content=\"https:\/\/www.my-mindguide.com\/de\/produkt\/ecko-wegen-erfolg-gefeuert\/\" \/>\n<meta property=\"og:site_name\" content=\"My-Mindguide.com\" \/>\n<meta property=\"article:modified_time\" content=\"2025-04-30T10:51:28+00:00\" \/>\n<meta property=\"og:image\" content=\"https:\/\/www.my-mindguide.com\/wp-content\/uploads\/2025\/04\/Ecko-german.png\" \/>\n\t<meta property=\"og:image:width\" content=\"400\" \/>\n\t<meta property=\"og:image:height\" content=\"400\" \/>\n\t<meta property=\"og:image:type\" content=\"image\/png\" \/>\n<meta name=\"twitter:card\" content=\"summary_large_image\" \/>\n<meta name=\"twitter:label1\" content=\"Gesch\u00e4tzte Lesezeit\" \/>\n\t<meta name=\"twitter:data1\" content=\"2\u00a0Minuten\" \/>\n<script type=\"application\/ld+json\" class=\"yoast-schema-graph\">{\"@context\":\"https:\/\/schema.org\",\"@graph\":[{\"@type\":\"WebPage\",\"@id\":\"https:\/\/www.my-mindguide.com\/product\/ecko-wegen-erfolg-gefeuert\/\",\"url\":\"https:\/\/www.my-mindguide.com\/product\/ecko-wegen-erfolg-gefeuert\/\",\"name\":\"Ecko \u2013 Wegen Erfolg Gefeuert | Selbsthilfe E-Book von Kurt Gassner | My-Mindguide.com\",\"isPartOf\":{\"@id\":\"https:\/\/www.my-mindguide.com\/de\/#website\"},\"primaryImageOfPage\":{\"@id\":\"https:\/\/www.my-mindguide.com\/product\/ecko-wegen-erfolg-gefeuert\/#primaryimage\"},\"image\":{\"@id\":\"https:\/\/www.my-mindguide.com\/product\/ecko-wegen-erfolg-gefeuert\/#primaryimage\"},\"thumbnailUrl\":\"https:\/\/www.my-mindguide.com\/wp-content\/uploads\/2025\/04\/Ecko-german.png\",\"datePublished\":\"2025-04-17T10:32:22+00:00\",\"dateModified\":\"2025-04-30T10:51:28+00:00\",\"description\":\"Entdecken Sie 'Ecko \u2013 Wegen Erfolg Gefeuert' \u2013 ein inspirierendes Selbsthilfe E-Book von Kurt Gassner. Jetzt auf My-Mindguide.com erh\u00e4ltlich.\",\"breadcrumb\":{\"@id\":\"https:\/\/www.my-mindguide.com\/product\/ecko-wegen-erfolg-gefeuert\/#breadcrumb\"},\"inLanguage\":\"de\",\"potentialAction\":[{\"@type\":\"ReadAction\",\"target\":[\"https:\/\/www.my-mindguide.com\/product\/ecko-wegen-erfolg-gefeuert\/\"]}]},{\"@type\":\"ImageObject\",\"inLanguage\":\"de\",\"@id\":\"https:\/\/www.my-mindguide.com\/product\/ecko-wegen-erfolg-gefeuert\/#primaryimage\",\"url\":\"https:\/\/www.my-mindguide.com\/wp-content\/uploads\/2025\/04\/Ecko-german.png\",\"contentUrl\":\"https:\/\/www.my-mindguide.com\/wp-content\/uploads\/2025\/04\/Ecko-german.png\",\"width\":400,\"height\":400},{\"@type\":\"BreadcrumbList\",\"@id\":\"https:\/\/www.my-mindguide.com\/product\/ecko-wegen-erfolg-gefeuert\/#breadcrumb\",\"itemListElement\":[{\"@type\":\"ListItem\",\"position\":1,\"name\":\"Home\",\"item\":\"https:\/\/www.my-mindguide.com\/\"},{\"@type\":\"ListItem\",\"position\":2,\"name\":\"Shop\",\"item\":\"https:\/\/www.my-mindguide.com\/shop\/\"},{\"@type\":\"ListItem\",\"position\":3,\"name\":\"Ecko Wegen Erfolg Gefeuert\"}]},{\"@type\":\"WebSite\",\"@id\":\"https:\/\/www.my-mindguide.com\/de\/#website\",\"url\":\"https:\/\/www.my-mindguide.com\/de\/\",\"name\":\"My Mind Guide\",\"description\":\"Inspire! Create! Live!\",\"publisher\":{\"@id\":\"https:\/\/www.my-mindguide.com\/de\/#organization\"},\"potentialAction\":[{\"@type\":\"SearchAction\",\"target\":{\"@type\":\"EntryPoint\",\"urlTemplate\":\"https:\/\/www.my-mindguide.com\/de\/?s={search_term_string}\"},\"query-input\":{\"@type\":\"PropertyValueSpecification\",\"valueRequired\":true,\"valueName\":\"search_term_string\"}}],\"inLanguage\":\"de\"},{\"@type\":\"Organization\",\"@id\":\"https:\/\/www.my-mindguide.com\/de\/#organization\",\"name\":\"Kurt Friedrich Gassner Author\",\"url\":\"https:\/\/www.my-mindguide.com\/de\/\",\"logo\":{\"@type\":\"ImageObject\",\"inLanguage\":\"de\",\"@id\":\"https:\/\/www.my-mindguide.com\/de\/#\/schema\/logo\/image\/\",\"url\":\"https:\/\/www.my-mindguide.com\/wp-content\/uploads\/2021\/10\/logo.svg\",\"contentUrl\":\"https:\/\/www.my-mindguide.com\/wp-content\/uploads\/2021\/10\/logo.svg\",\"width\":491,\"height\":91,\"caption\":\"Kurt Friedrich Gassner Author\"},\"image\":{\"@id\":\"https:\/\/www.my-mindguide.com\/de\/#\/schema\/logo\/image\/\"},\"sameAs\":[\"https:\/\/www.instagram.com\/autormindguide\/\"]}]}<\/script>\n<!-- \/ Yoast SEO plugin. -->","yoast_head_json":{"title":"Ecko \u2013 Wegen Erfolg Gefeuert | Selbsthilfe E-Book von Kurt Gassner | My-Mindguide.com","description":"Entdecken Sie 'Ecko \u2013 Wegen Erfolg Gefeuert' \u2013 ein inspirierendes Selbsthilfe E-Book von Kurt Gassner. Jetzt auf My-Mindguide.com erh\u00e4ltlich.","robots":{"index":"index","follow":"follow","max-snippet":"max-snippet:-1","max-image-preview":"max-image-preview:large","max-video-preview":"max-video-preview:-1"},"canonical":"https:\/\/www.my-mindguide.com\/de\/produkt\/ecko-wegen-erfolg-gefeuert\/","og_locale":"de_DE","og_type":"article","og_title":"Ecko \u2013 Wegen Erfolg Gefeuert | Selbsthilfe E-Book von Kurt Gassner | My-Mindguide.com","og_description":"Entdecken Sie 'Ecko \u2013 Wegen Erfolg Gefeuert' \u2013 ein inspirierendes Selbsthilfe E-Book von Kurt Gassner. Jetzt auf My-Mindguide.com erh\u00e4ltlich.","og_url":"https:\/\/www.my-mindguide.com\/de\/produkt\/ecko-wegen-erfolg-gefeuert\/","og_site_name":"My-Mindguide.com","article_modified_time":"2025-04-30T10:51:28+00:00","og_image":[{"width":400,"height":400,"url":"https:\/\/www.my-mindguide.com\/wp-content\/uploads\/2025\/04\/Ecko-german.png","type":"image\/png"}],"twitter_card":"summary_large_image","twitter_misc":{"Gesch\u00e4tzte Lesezeit":"2\u00a0Minuten"},"schema":{"@context":"https:\/\/schema.org","@graph":[{"@type":"WebPage","@id":"https:\/\/www.my-mindguide.com\/product\/ecko-wegen-erfolg-gefeuert\/","url":"https:\/\/www.my-mindguide.com\/product\/ecko-wegen-erfolg-gefeuert\/","name":"Ecko \u2013 Wegen Erfolg Gefeuert | Selbsthilfe E-Book von Kurt Gassner | My-Mindguide.com","isPartOf":{"@id":"https:\/\/www.my-mindguide.com\/de\/#website"},"primaryImageOfPage":{"@id":"https:\/\/www.my-mindguide.com\/product\/ecko-wegen-erfolg-gefeuert\/#primaryimage"},"image":{"@id":"https:\/\/www.my-mindguide.com\/product\/ecko-wegen-erfolg-gefeuert\/#primaryimage"},"thumbnailUrl":"https:\/\/www.my-mindguide.com\/wp-content\/uploads\/2025\/04\/Ecko-german.png","datePublished":"2025-04-17T10:32:22+00:00","dateModified":"2025-04-30T10:51:28+00:00","description":"Entdecken Sie 'Ecko \u2013 Wegen Erfolg Gefeuert' \u2013 ein inspirierendes Selbsthilfe E-Book von Kurt Gassner. Jetzt auf My-Mindguide.com erh\u00e4ltlich.","breadcrumb":{"@id":"https:\/\/www.my-mindguide.com\/product\/ecko-wegen-erfolg-gefeuert\/#breadcrumb"},"inLanguage":"de","potentialAction":[{"@type":"ReadAction","target":["https:\/\/www.my-mindguide.com\/product\/ecko-wegen-erfolg-gefeuert\/"]}]},{"@type":"ImageObject","inLanguage":"de","@id":"https:\/\/www.my-mindguide.com\/product\/ecko-wegen-erfolg-gefeuert\/#primaryimage","url":"https:\/\/www.my-mindguide.com\/wp-content\/uploads\/2025\/04\/Ecko-german.png","contentUrl":"https:\/\/www.my-mindguide.com\/wp-content\/uploads\/2025\/04\/Ecko-german.png","width":400,"height":400},{"@type":"BreadcrumbList","@id":"https:\/\/www.my-mindguide.com\/product\/ecko-wegen-erfolg-gefeuert\/#breadcrumb","itemListElement":[{"@type":"ListItem","position":1,"name":"Home","item":"https:\/\/www.my-mindguide.com\/"},{"@type":"ListItem","position":2,"name":"Shop","item":"https:\/\/www.my-mindguide.com\/shop\/"},{"@type":"ListItem","position":3,"name":"Ecko Wegen Erfolg Gefeuert"}]},{"@type":"WebSite","@id":"https:\/\/www.my-mindguide.com\/de\/#website","url":"https:\/\/www.my-mindguide.com\/de\/","name":"My Mind Guide","description":"Inspire! Create! Live!","publisher":{"@id":"https:\/\/www.my-mindguide.com\/de\/#organization"},"potentialAction":[{"@type":"SearchAction","target":{"@type":"EntryPoint","urlTemplate":"https:\/\/www.my-mindguide.com\/de\/?s={search_term_string}"},"query-input":{"@type":"PropertyValueSpecification","valueRequired":true,"valueName":"search_term_string"}}],"inLanguage":"de"},{"@type":"Organization","@id":"https:\/\/www.my-mindguide.com\/de\/#organization","name":"Kurt Friedrich Gassner Author","url":"https:\/\/www.my-mindguide.com\/de\/","logo":{"@type":"ImageObject","inLanguage":"de","@id":"https:\/\/www.my-mindguide.com\/de\/#\/schema\/logo\/image\/","url":"https:\/\/www.my-mindguide.com\/wp-content\/uploads\/2021\/10\/logo.svg","contentUrl":"https:\/\/www.my-mindguide.com\/wp-content\/uploads\/2021\/10\/logo.svg","width":491,"height":91,"caption":"Kurt Friedrich Gassner Author"},"image":{"@id":"https:\/\/www.my-mindguide.com\/de\/#\/schema\/logo\/image\/"},"sameAs":["https:\/\/www.instagram.com\/autormindguide\/"]}]}},"_links":{"self":[{"href":"https:\/\/www.my-mindguide.com\/de\/wp-json\/wp\/v2\/product\/2887","targetHints":{"allow":["GET"]}}],"collection":[{"href":"https:\/\/www.my-mindguide.com\/de\/wp-json\/wp\/v2\/product"}],"about":[{"href":"https:\/\/www.my-mindguide.com\/de\/wp-json\/wp\/v2\/types\/product"}],"replies":[{"embeddable":true,"href":"https:\/\/www.my-mindguide.com\/de\/wp-json\/wp\/v2\/comments?post=2887"}],"wp:featuredmedia":[{"embeddable":true,"href":"https:\/\/www.my-mindguide.com\/de\/wp-json\/wp\/v2\/media\/2888"}],"wp:attachment":[{"href":"https:\/\/www.my-mindguide.com\/de\/wp-json\/wp\/v2\/media?parent=2887"}],"wp:term":[{"taxonomy":"product_brand","embeddable":true,"href":"https:\/\/www.my-mindguide.com\/de\/wp-json\/wp\/v2\/product_brand?post=2887"},{"taxonomy":"product_cat","embeddable":true,"href":"https:\/\/www.my-mindguide.com\/de\/wp-json\/wp\/v2\/product_cat?post=2887"},{"taxonomy":"product_tag","embeddable":true,"href":"https:\/\/www.my-mindguide.com\/de\/wp-json\/wp\/v2\/product_tag?post=2887"}],"curies":[{"name":"wp","href":"https:\/\/api.w.org\/{rel}","templated":true}]}}