{"id":2750,"date":"2025-04-15T17:38:32","date_gmt":"2025-04-15T17:38:32","guid":{"rendered":"https:\/\/www.my-mindguide.com\/?post_type=product&#038;p=2750"},"modified":"2025-04-30T17:25:33","modified_gmt":"2025-04-30T17:25:33","slug":"sophias-wunderwelt","status":"publish","type":"product","link":"https:\/\/www.my-mindguide.com\/de\/produkt\/sophias-wunderwelt\/","title":{"rendered":"Sophia&#8217;s Wunderwelt"},"content":{"rendered":"<p><span class=\"a-text-bold\">\u00dcber 40 Doppelseiten illustriert von bekannter Irishen K\u00fcnstlerin<br \/>\n&#8230;&#8230;&#8230;&#8230;&#8230;&#8230;&#8230;&#8230;&#8230;&#8230;&#8230;&#8230;&#8230;&#8230;&#8230;&#8230;&#8230;&#8230;&#8230;&#8230;&#8230;&#8230;&#8230;&#8230;&#8230;&#8230;&#8230;&#8230;&#8230;&#8230;&#8230;&#8230;&#8230;&#8230;&#8230;&#8230;&#8230;&#8230;..<br \/>\nBegib dich auf eine einzigartige Reise voller Magie und Abenteuer!<\/span><br \/>\nSuchen Sie nach faszinierenden Kinderb\u00fcchern, die Sie Ihrem Kind vor dem Schlafengehen vorlesen k\u00f6nnen?<br \/>\nM\u00f6chten Sie Ihrem Kleinen zum Geburtstag ein Kinderbuch schenken?<br \/>\nBrauchen Sie ein Kinderbuch mit kurzen, lustigen Geschichten?<br \/>\n<span class=\"a-text-bold\">Entdecken Sie jetzt &#8220;Sophias Wunderwelt&#8221; von Kurt Gassner &#8211; Eine Sammlung regionaler Geschichten, inspiriert aus den Kitzb\u00fchler Alpen!<\/span><br \/>\nMitten in den \u00f6sterreichischen Bergen, den Kitzb\u00fchler Alpen in Tirol, gibt es zwei weltbekannte Orte: Kitzb\u00fchel, die wohl sch\u00f6nste Stadt der Alpen und das verzauberte, nahegelegene Dorf Kirchberg. Die majest\u00e4tische Sch\u00f6nheit dieser Orte bildet die Kulisse f\u00fcr zehn regionale Geschichten, die Kurt Gassner im Laufe seiner Lebensreise gesammelt hat.<br \/>\nDurchdrungen von atemberaubenden Abenteuern, atemberaubenden Ausblicken und einer Dosis Magie zielen diese Geschichten darauf ab, Sie in eine ganz neue Welt zu entf\u00fchren, in der alles m\u00f6glich ist.<br \/>\n<span class=\"a-text-bold a-text-italic\">Noch nicht \u00fcberzeugt?<\/span><br \/>\n<span class=\"a-text-bold\">Hier sind die 3 wichtigsten Gr\u00fcnde, dieses Buch noch heute zu Ihrer Bibliothek hinzuzuf\u00fcgen:<\/span><\/p>\n<p>\u2705<span class=\"a-text-bold\"> Perfekt zum Lesen in jedem Alter:<\/span> Sophia&#8217;s Wonderworld ist f\u00fcr Kinder geschrieben, aber es ist auch f\u00fcr Erwachsene geeignet, die immer noch an die Magie einer guten Geschichte glauben und sich daran erinnern wollen, wie es sich anf\u00fchlt, wieder ein Kind zu sein.<br \/>\n\u2705<span class=\"a-text-bold\"> Kurze und leicht zu lesende Geschichten:<\/span> Im Gegensatz zu anderen Kinderb\u00fcchern, die mit super langen Geschichten gef\u00fcllt sind, sind alle zehn Geschichten in diesem Buch kurz genug, so dass Ihr Kind sie \u00fcberall in nur wenigen Minuten lesen kann.<br \/>\n\u2705<span class=\"a-text-bold\"> Durchdachte Geschenkidee:<\/span> Sind Sie es leid, Ihre Kinder immer mit Spielzeug zu \u00fcberraschen? Dieses Buch ist das einzigartige Geschenk, das Sie ihnen zu jedem besonderen Anlass anbieten m\u00fcssen!<br \/>\n<span class=\"a-text-bold\">Ein Buch f\u00fcr Sophia und jedes Kind rund um den Globus!<\/span><br \/>\nDieses Kinderbuch ist Sophia, der Enkelin von Kurt Gassner, und allen anderen jungen oder \u00e4lteren Kindern gewidmet, die ihr Leben mit neuen Geschichten f\u00fcllen m\u00f6chten.<\/p>\n<p>Erh\u00e4ltlich in der DEUTSCHE NATIONALBIBLIOTHEK<\/p>","protected":false},"excerpt":{"rendered":"<p>Tauche ein in eine Welt voller Fantasie und Abenteuer! Zehn ber\u00fchrende Geschichten, die Kinderherzen h\u00f6her schlagen lassen.<\/p>\n<ul class=\"a-unordered-list a-nostyle a-vertical a-spacing-none detail-bullet-list\">\n<li><span class=\"a-list-item\"><span class=\"a-text-bold\">Sprache \u200f : \u200e\u00a0<\/span>Deutsch<\/span><\/li>\n<li><span class=\"a-list-item\"><span class=\"a-text-bold\">Dateigr\u00f6\u00dfe \u200f : \u200e\u00a0<\/span>118.4 MB<\/span><\/li>\n<\/ul>","protected":false},"featured_media":2752,"comment_status":"open","ping_status":"closed","template":"","meta":[],"product_brand":[],"product_cat":[45],"product_tag":[],"class_list":{"0":"post-2750","1":"product","2":"type-product","3":"status-publish","4":"has-post-thumbnail","6":"product_cat-kinderbuch","8":"first","9":"instock","10":"sale","11":"downloadable","12":"virtual","13":"purchasable","14":"product-type-simple"},"yoast_head":"<!-- This site is optimized with the Yoast SEO plugin v24.9 - https:\/\/yoast.com\/wordpress\/plugins\/seo\/ -->\n<title>Sophia\u2019s Wunderwelt | Selbsthilfe E-Book von Kurt Gassner | My-Mindguide.com<\/title>\n<meta name=\"description\" content=\"Entdecken Sie &#039;Sophia\u2019s Wunderwelt&#039; \u2013 ein inspirierendes Selbsthilfe E-Book von Kurt Gassner. Jetzt auf My-Mindguide.com erh\u00e4ltlich.\" \/>\n<meta name=\"robots\" content=\"index, follow, max-snippet:-1, max-image-preview:large, max-video-preview:-1\" \/>\n<link rel=\"canonical\" href=\"https:\/\/www.my-mindguide.com\/de\/produkt\/sophias-wunderwelt\/\" \/>\n<meta property=\"og:locale\" content=\"de_DE\" \/>\n<meta property=\"og:type\" content=\"article\" \/>\n<meta property=\"og:title\" content=\"Sophia\u2019s Wunderwelt | Selbsthilfe E-Book von Kurt Gassner | My-Mindguide.com\" \/>\n<meta property=\"og:description\" content=\"Entdecken Sie &#039;Sophia\u2019s Wunderwelt&#039; \u2013 ein inspirierendes Selbsthilfe E-Book von Kurt Gassner. Jetzt auf My-Mindguide.com erh\u00e4ltlich.\" \/>\n<meta property=\"og:url\" content=\"https:\/\/www.my-mindguide.com\/de\/produkt\/sophias-wunderwelt\/\" \/>\n<meta property=\"og:site_name\" content=\"My-Mindguide.com\" \/>\n<meta property=\"article:modified_time\" content=\"2025-04-30T17:25:33+00:00\" \/>\n<meta property=\"og:image\" content=\"https:\/\/www.my-mindguide.com\/wp-content\/uploads\/2025\/04\/Sophia-german-copy.png\" \/>\n\t<meta property=\"og:image:width\" content=\"400\" \/>\n\t<meta property=\"og:image:height\" content=\"400\" \/>\n\t<meta property=\"og:image:type\" content=\"image\/png\" \/>\n<meta name=\"twitter:card\" content=\"summary_large_image\" \/>\n<meta name=\"twitter:label1\" content=\"Gesch\u00e4tzte Lesezeit\" \/>\n\t<meta name=\"twitter:data1\" content=\"2\u00a0Minuten\" \/>\n<script type=\"application\/ld+json\" class=\"yoast-schema-graph\">{\"@context\":\"https:\/\/schema.org\",\"@graph\":[{\"@type\":\"WebPage\",\"@id\":\"https:\/\/www.my-mindguide.com\/product\/sophias-wunderwelt\/\",\"url\":\"https:\/\/www.my-mindguide.com\/product\/sophias-wunderwelt\/\",\"name\":\"Sophia\u2019s Wunderwelt | Selbsthilfe E-Book von Kurt Gassner | My-Mindguide.com\",\"isPartOf\":{\"@id\":\"https:\/\/www.my-mindguide.com\/de\/#website\"},\"primaryImageOfPage\":{\"@id\":\"https:\/\/www.my-mindguide.com\/product\/sophias-wunderwelt\/#primaryimage\"},\"image\":{\"@id\":\"https:\/\/www.my-mindguide.com\/product\/sophias-wunderwelt\/#primaryimage\"},\"thumbnailUrl\":\"https:\/\/www.my-mindguide.com\/wp-content\/uploads\/2025\/04\/Sophia-german-copy.png\",\"datePublished\":\"2025-04-15T17:38:32+00:00\",\"dateModified\":\"2025-04-30T17:25:33+00:00\",\"description\":\"Entdecken Sie 'Sophia\u2019s Wunderwelt' \u2013 ein inspirierendes Selbsthilfe E-Book von Kurt Gassner. Jetzt auf My-Mindguide.com erh\u00e4ltlich.\",\"breadcrumb\":{\"@id\":\"https:\/\/www.my-mindguide.com\/product\/sophias-wunderwelt\/#breadcrumb\"},\"inLanguage\":\"de\",\"potentialAction\":[{\"@type\":\"ReadAction\",\"target\":[\"https:\/\/www.my-mindguide.com\/product\/sophias-wunderwelt\/\"]}]},{\"@type\":\"ImageObject\",\"inLanguage\":\"de\",\"@id\":\"https:\/\/www.my-mindguide.com\/product\/sophias-wunderwelt\/#primaryimage\",\"url\":\"https:\/\/www.my-mindguide.com\/wp-content\/uploads\/2025\/04\/Sophia-german-copy.png\",\"contentUrl\":\"https:\/\/www.my-mindguide.com\/wp-content\/uploads\/2025\/04\/Sophia-german-copy.png\",\"width\":400,\"height\":400},{\"@type\":\"BreadcrumbList\",\"@id\":\"https:\/\/www.my-mindguide.com\/product\/sophias-wunderwelt\/#breadcrumb\",\"itemListElement\":[{\"@type\":\"ListItem\",\"position\":1,\"name\":\"Home\",\"item\":\"https:\/\/www.my-mindguide.com\/\"},{\"@type\":\"ListItem\",\"position\":2,\"name\":\"Shop\",\"item\":\"https:\/\/www.my-mindguide.com\/shop\/\"},{\"@type\":\"ListItem\",\"position\":3,\"name\":\"Sophia&#8217;s Wunderwelt\"}]},{\"@type\":\"WebSite\",\"@id\":\"https:\/\/www.my-mindguide.com\/de\/#website\",\"url\":\"https:\/\/www.my-mindguide.com\/de\/\",\"name\":\"My Mind Guide\",\"description\":\"Inspire! Create! Live!\",\"publisher\":{\"@id\":\"https:\/\/www.my-mindguide.com\/de\/#organization\"},\"potentialAction\":[{\"@type\":\"SearchAction\",\"target\":{\"@type\":\"EntryPoint\",\"urlTemplate\":\"https:\/\/www.my-mindguide.com\/de\/?s={search_term_string}\"},\"query-input\":{\"@type\":\"PropertyValueSpecification\",\"valueRequired\":true,\"valueName\":\"search_term_string\"}}],\"inLanguage\":\"de\"},{\"@type\":\"Organization\",\"@id\":\"https:\/\/www.my-mindguide.com\/de\/#organization\",\"name\":\"Kurt Friedrich Gassner Author\",\"url\":\"https:\/\/www.my-mindguide.com\/de\/\",\"logo\":{\"@type\":\"ImageObject\",\"inLanguage\":\"de\",\"@id\":\"https:\/\/www.my-mindguide.com\/de\/#\/schema\/logo\/image\/\",\"url\":\"https:\/\/www.my-mindguide.com\/wp-content\/uploads\/2021\/10\/logo.svg\",\"contentUrl\":\"https:\/\/www.my-mindguide.com\/wp-content\/uploads\/2021\/10\/logo.svg\",\"width\":491,\"height\":91,\"caption\":\"Kurt Friedrich Gassner Author\"},\"image\":{\"@id\":\"https:\/\/www.my-mindguide.com\/de\/#\/schema\/logo\/image\/\"},\"sameAs\":[\"https:\/\/www.instagram.com\/autormindguide\/\"]}]}<\/script>\n<!-- \/ Yoast SEO plugin. -->","yoast_head_json":{"title":"Sophia\u2019s Wunderwelt | Selbsthilfe E-Book von Kurt Gassner | My-Mindguide.com","description":"Entdecken Sie 'Sophia\u2019s Wunderwelt' \u2013 ein inspirierendes Selbsthilfe E-Book von Kurt Gassner. Jetzt auf My-Mindguide.com erh\u00e4ltlich.","robots":{"index":"index","follow":"follow","max-snippet":"max-snippet:-1","max-image-preview":"max-image-preview:large","max-video-preview":"max-video-preview:-1"},"canonical":"https:\/\/www.my-mindguide.com\/de\/produkt\/sophias-wunderwelt\/","og_locale":"de_DE","og_type":"article","og_title":"Sophia\u2019s Wunderwelt | Selbsthilfe E-Book von Kurt Gassner | My-Mindguide.com","og_description":"Entdecken Sie 'Sophia\u2019s Wunderwelt' \u2013 ein inspirierendes Selbsthilfe E-Book von Kurt Gassner. Jetzt auf My-Mindguide.com erh\u00e4ltlich.","og_url":"https:\/\/www.my-mindguide.com\/de\/produkt\/sophias-wunderwelt\/","og_site_name":"My-Mindguide.com","article_modified_time":"2025-04-30T17:25:33+00:00","og_image":[{"width":400,"height":400,"url":"https:\/\/www.my-mindguide.com\/wp-content\/uploads\/2025\/04\/Sophia-german-copy.png","type":"image\/png"}],"twitter_card":"summary_large_image","twitter_misc":{"Gesch\u00e4tzte Lesezeit":"2\u00a0Minuten"},"schema":{"@context":"https:\/\/schema.org","@graph":[{"@type":"WebPage","@id":"https:\/\/www.my-mindguide.com\/product\/sophias-wunderwelt\/","url":"https:\/\/www.my-mindguide.com\/product\/sophias-wunderwelt\/","name":"Sophia\u2019s Wunderwelt | Selbsthilfe E-Book von Kurt Gassner | My-Mindguide.com","isPartOf":{"@id":"https:\/\/www.my-mindguide.com\/de\/#website"},"primaryImageOfPage":{"@id":"https:\/\/www.my-mindguide.com\/product\/sophias-wunderwelt\/#primaryimage"},"image":{"@id":"https:\/\/www.my-mindguide.com\/product\/sophias-wunderwelt\/#primaryimage"},"thumbnailUrl":"https:\/\/www.my-mindguide.com\/wp-content\/uploads\/2025\/04\/Sophia-german-copy.png","datePublished":"2025-04-15T17:38:32+00:00","dateModified":"2025-04-30T17:25:33+00:00","description":"Entdecken Sie 'Sophia\u2019s Wunderwelt' \u2013 ein inspirierendes Selbsthilfe E-Book von Kurt Gassner. Jetzt auf My-Mindguide.com erh\u00e4ltlich.","breadcrumb":{"@id":"https:\/\/www.my-mindguide.com\/product\/sophias-wunderwelt\/#breadcrumb"},"inLanguage":"de","potentialAction":[{"@type":"ReadAction","target":["https:\/\/www.my-mindguide.com\/product\/sophias-wunderwelt\/"]}]},{"@type":"ImageObject","inLanguage":"de","@id":"https:\/\/www.my-mindguide.com\/product\/sophias-wunderwelt\/#primaryimage","url":"https:\/\/www.my-mindguide.com\/wp-content\/uploads\/2025\/04\/Sophia-german-copy.png","contentUrl":"https:\/\/www.my-mindguide.com\/wp-content\/uploads\/2025\/04\/Sophia-german-copy.png","width":400,"height":400},{"@type":"BreadcrumbList","@id":"https:\/\/www.my-mindguide.com\/product\/sophias-wunderwelt\/#breadcrumb","itemListElement":[{"@type":"ListItem","position":1,"name":"Home","item":"https:\/\/www.my-mindguide.com\/"},{"@type":"ListItem","position":2,"name":"Shop","item":"https:\/\/www.my-mindguide.com\/shop\/"},{"@type":"ListItem","position":3,"name":"Sophia&#8217;s Wunderwelt"}]},{"@type":"WebSite","@id":"https:\/\/www.my-mindguide.com\/de\/#website","url":"https:\/\/www.my-mindguide.com\/de\/","name":"My Mind Guide","description":"Inspire! Create! Live!","publisher":{"@id":"https:\/\/www.my-mindguide.com\/de\/#organization"},"potentialAction":[{"@type":"SearchAction","target":{"@type":"EntryPoint","urlTemplate":"https:\/\/www.my-mindguide.com\/de\/?s={search_term_string}"},"query-input":{"@type":"PropertyValueSpecification","valueRequired":true,"valueName":"search_term_string"}}],"inLanguage":"de"},{"@type":"Organization","@id":"https:\/\/www.my-mindguide.com\/de\/#organization","name":"Kurt Friedrich Gassner Author","url":"https:\/\/www.my-mindguide.com\/de\/","logo":{"@type":"ImageObject","inLanguage":"de","@id":"https:\/\/www.my-mindguide.com\/de\/#\/schema\/logo\/image\/","url":"https:\/\/www.my-mindguide.com\/wp-content\/uploads\/2021\/10\/logo.svg","contentUrl":"https:\/\/www.my-mindguide.com\/wp-content\/uploads\/2021\/10\/logo.svg","width":491,"height":91,"caption":"Kurt Friedrich Gassner Author"},"image":{"@id":"https:\/\/www.my-mindguide.com\/de\/#\/schema\/logo\/image\/"},"sameAs":["https:\/\/www.instagram.com\/autormindguide\/"]}]}},"_links":{"self":[{"href":"https:\/\/www.my-mindguide.com\/de\/wp-json\/wp\/v2\/product\/2750","targetHints":{"allow":["GET"]}}],"collection":[{"href":"https:\/\/www.my-mindguide.com\/de\/wp-json\/wp\/v2\/product"}],"about":[{"href":"https:\/\/www.my-mindguide.com\/de\/wp-json\/wp\/v2\/types\/product"}],"replies":[{"embeddable":true,"href":"https:\/\/www.my-mindguide.com\/de\/wp-json\/wp\/v2\/comments?post=2750"}],"wp:featuredmedia":[{"embeddable":true,"href":"https:\/\/www.my-mindguide.com\/de\/wp-json\/wp\/v2\/media\/2752"}],"wp:attachment":[{"href":"https:\/\/www.my-mindguide.com\/de\/wp-json\/wp\/v2\/media?parent=2750"}],"wp:term":[{"taxonomy":"product_brand","embeddable":true,"href":"https:\/\/www.my-mindguide.com\/de\/wp-json\/wp\/v2\/product_brand?post=2750"},{"taxonomy":"product_cat","embeddable":true,"href":"https:\/\/www.my-mindguide.com\/de\/wp-json\/wp\/v2\/product_cat?post=2750"},{"taxonomy":"product_tag","embeddable":true,"href":"https:\/\/www.my-mindguide.com\/de\/wp-json\/wp\/v2\/product_tag?post=2750"}],"curies":[{"name":"wp","href":"https:\/\/api.w.org\/{rel}","templated":true}]}}