{"id":2712,"date":"2025-04-15T14:37:55","date_gmt":"2025-04-15T14:37:55","guid":{"rendered":"https:\/\/www.my-mindguide.com\/?post_type=product&#038;p=2712"},"modified":"2025-04-30T10:46:00","modified_gmt":"2025-04-30T10:46:00","slug":"die-kunst-des-loslassens","status":"publish","type":"product","link":"https:\/\/www.my-mindguide.com\/de\/produkt\/die-kunst-des-loslassens\/","title":{"rendered":"Die Kunst Des Loslassens"},"content":{"rendered":"<p class=\"p1\">Erleichtern Sie ihr Leben, indem Sie lernen, loszulassen!<\/p>\n<p class=\"p1\">F\u00fchlen Sie sich oft gestresst oder deprimiert aufgrund von Ereignissen, die in der Vergangenheit passiert sind und die Sie scheinbar nicht \u00fcberwinden k\u00f6nnen?<\/p>\n<p class=\"p1\">F\u00e4llt es Ihnen schwer, sich von all dem emotionalen Ballast zu befreien, der Sie zur\u00fcckh\u00e4lt?<\/p>\n<p class=\"p1\">Mit &#8221;Die Kunst des Loslassens&#8221; von Kurt Gassner k\u00f6nnen Sie sich jetzt befreien und Ihre innere St\u00e4rke entwickeln!<\/p>\n<p class=\"p1\">Beim Loslassen geht es nicht um das Vergessen oder Verzeihen von Situationen und Menschen, die Ihnen in der Vergangenheit Unrecht getan haben. Es geht vielmehr darum zu erkennen, dass diese Dinge der Vergangenheit angeh\u00f6ren und Sie in der Gegenwart nicht mehr beeinflussen sollten.<\/p>\n<p class=\"p1\">Viele ungel\u00f6ste Emotionen, die aus vergangenen Situationen herr\u00fchren, k\u00f6nnen eine sehr reale und schw\u00e4chende Wirkung auf Ihren emotionalen Zustand in der Gegenwart haben. Dies hat keinen anderen Zweck, als Ihre Entwicklung zu behindern und Sie daran zu hindern, weiterzugehen.<\/p>\n<p class=\"p1\">In diesem inspirierenden und leicht verst\u00e4ndlichen Selbsthilfebuch finden Sie wertvolle Informationen, die Ihnen helfen werden, zu wachsen und Ihr Leben zu ver\u00e4ndern! Sie werden verstehen, warum es den Menschen schwer f\u00e4llt, loszulassen, wie sich die Unf\u00e4higkeit, die Vergangenheit loszulassen, auf die Gegenwart auswirkt, und Sie werden mehrere Techniken lernen, wie Sie in W\u00fcrde loslassen k\u00f6nnen, was nicht mehr f\u00fcr Sie bestimmt ist, damit Sie Platz f\u00fcr das machen k\u00f6nnen, was als n\u00e4chstes kommt!<\/p>\n<p class=\"p1\">Am Ende dieses Buches von Kurt Gassner werden Sie ganz leicht:<\/p>\n<p class=\"p1\"><span class=\"s1\">\u2714\ufe0f<\/span> Die Vorteile des Loslassens kennen und warum es so wichtig ist, dies zu tun<\/p>\n<p class=\"p1\"><span class=\"s1\">\u2714\ufe0f<\/span> Wie das Loslassen von Kontrolle Ihnen helfen kann, ein freudvolleres Leben zu f\u00fchren<\/p>\n<p class=\"p1\"><span class=\"s1\">\u2714\ufe0f<\/span> Wie man bestimmte negative Emotionen loslassen kann<\/p>\n<p class=\"p1\"><span class=\"s1\">\u2714\ufe0f<\/span> Warum es wichtig ist, sein geistiges Leben zu entr\u00fcmpeln<\/p>\n<p class=\"p1\"><span class=\"s1\">\u2714\ufe0f<\/span> Wie man einen geliebten Menschen loslassen kann<\/p>\n<p>Erh\u00e4ltlich in der DEUTSCHE NATIONALBIBLIOTHEK<\/p>","protected":false},"excerpt":{"rendered":"<p>Lass Ballast los und \u00f6ffne dich f\u00fcr neue M\u00f6glichkeiten. Frei werden im Denken und F\u00fchlen.<\/p>\n<ul class=\"a-unordered-list a-nostyle a-vertical a-spacing-none detail-bullet-list\">\n<li><span class=\"a-list-item\"><span class=\"a-text-bold\">Herausgeber \u200f : \u200e\u00a0<\/span>Kurt Gassner (16. Juli 2022)<\/span><\/li>\n<li><span class=\"a-list-item\"><span class=\"a-text-bold\">Sprache \u200f : \u200e\u00a0<\/span>Deutsch<\/span><\/li>\n<li><span class=\"a-list-item\"><span class=\"a-text-bold\">Dateigr\u00f6\u00dfe \u200f : \u200e 4<\/span>.6 MB<\/span><\/li>\n<li><span class=\"a-list-item\"><span class=\"a-text-bold\">Seitenzahl der Print-Ausgabe \u200f : \u200e\u00a0<\/span>205 Seiten<\/span><\/li>\n<\/ul>","protected":false},"featured_media":2732,"comment_status":"open","ping_status":"closed","template":"","meta":[],"product_brand":[],"product_cat":[41],"product_tag":[],"class_list":{"0":"post-2712","1":"product","2":"type-product","3":"status-publish","4":"has-post-thumbnail","6":"product_cat-selbsthilfe-ermachtigung","8":"first","9":"instock","10":"sale","11":"downloadable","12":"virtual","13":"purchasable","14":"product-type-simple"},"yoast_head":"<!-- This site is optimized with the Yoast SEO plugin v24.9 - https:\/\/yoast.com\/wordpress\/plugins\/seo\/ -->\n<title>Die Kunst des Loslassens | Selbsthilfe E-Book von Kurt Gassner | My-Mindguide.com<\/title>\n<meta name=\"description\" content=\"Entdecken Sie &#039;Die Kunst des Loslassens&#039; \u2013 ein inspirierendes Selbsthilfe E-Book von Kurt Gassner. Jetzt auf My-Mindguide.com erh\u00e4ltlich.\" \/>\n<meta name=\"robots\" content=\"index, follow, max-snippet:-1, max-image-preview:large, max-video-preview:-1\" \/>\n<link rel=\"canonical\" href=\"https:\/\/www.my-mindguide.com\/de\/produkt\/die-kunst-des-loslassens\/\" \/>\n<meta property=\"og:locale\" content=\"de_DE\" \/>\n<meta property=\"og:type\" content=\"article\" \/>\n<meta property=\"og:title\" content=\"Die Kunst des Loslassens | Selbsthilfe E-Book von Kurt Gassner | My-Mindguide.com\" \/>\n<meta property=\"og:description\" content=\"Entdecken Sie &#039;Die Kunst des Loslassens&#039; \u2013 ein inspirierendes Selbsthilfe E-Book von Kurt Gassner. Jetzt auf My-Mindguide.com erh\u00e4ltlich.\" \/>\n<meta property=\"og:url\" content=\"https:\/\/www.my-mindguide.com\/de\/produkt\/die-kunst-des-loslassens\/\" \/>\n<meta property=\"og:site_name\" content=\"My-Mindguide.com\" \/>\n<meta property=\"article:modified_time\" content=\"2025-04-30T10:46:00+00:00\" \/>\n<meta property=\"og:image\" content=\"https:\/\/www.my-mindguide.com\/wp-content\/uploads\/2025\/04\/Die-Kunst-des-losslassens-2.png\" \/>\n\t<meta property=\"og:image:width\" content=\"400\" \/>\n\t<meta property=\"og:image:height\" content=\"400\" \/>\n\t<meta property=\"og:image:type\" content=\"image\/png\" \/>\n<meta name=\"twitter:card\" content=\"summary_large_image\" \/>\n<meta name=\"twitter:label1\" content=\"Gesch\u00e4tzte Lesezeit\" \/>\n\t<meta name=\"twitter:data1\" content=\"2\u00a0Minuten\" \/>\n<script type=\"application\/ld+json\" class=\"yoast-schema-graph\">{\"@context\":\"https:\/\/schema.org\",\"@graph\":[{\"@type\":\"WebPage\",\"@id\":\"https:\/\/www.my-mindguide.com\/product\/die-kunst-des-loslassens\/\",\"url\":\"https:\/\/www.my-mindguide.com\/product\/die-kunst-des-loslassens\/\",\"name\":\"Die Kunst des Loslassens | Selbsthilfe E-Book von Kurt Gassner | My-Mindguide.com\",\"isPartOf\":{\"@id\":\"https:\/\/www.my-mindguide.com\/de\/#website\"},\"primaryImageOfPage\":{\"@id\":\"https:\/\/www.my-mindguide.com\/product\/die-kunst-des-loslassens\/#primaryimage\"},\"image\":{\"@id\":\"https:\/\/www.my-mindguide.com\/product\/die-kunst-des-loslassens\/#primaryimage\"},\"thumbnailUrl\":\"https:\/\/www.my-mindguide.com\/wp-content\/uploads\/2025\/04\/Die-Kunst-des-losslassens-2.png\",\"datePublished\":\"2025-04-15T14:37:55+00:00\",\"dateModified\":\"2025-04-30T10:46:00+00:00\",\"description\":\"Entdecken Sie 'Die Kunst des Loslassens' \u2013 ein inspirierendes Selbsthilfe E-Book von Kurt Gassner. Jetzt auf My-Mindguide.com erh\u00e4ltlich.\",\"breadcrumb\":{\"@id\":\"https:\/\/www.my-mindguide.com\/product\/die-kunst-des-loslassens\/#breadcrumb\"},\"inLanguage\":\"de\",\"potentialAction\":[{\"@type\":\"ReadAction\",\"target\":[\"https:\/\/www.my-mindguide.com\/product\/die-kunst-des-loslassens\/\"]}]},{\"@type\":\"ImageObject\",\"inLanguage\":\"de\",\"@id\":\"https:\/\/www.my-mindguide.com\/product\/die-kunst-des-loslassens\/#primaryimage\",\"url\":\"https:\/\/www.my-mindguide.com\/wp-content\/uploads\/2025\/04\/Die-Kunst-des-losslassens-2.png\",\"contentUrl\":\"https:\/\/www.my-mindguide.com\/wp-content\/uploads\/2025\/04\/Die-Kunst-des-losslassens-2.png\",\"width\":400,\"height\":400},{\"@type\":\"BreadcrumbList\",\"@id\":\"https:\/\/www.my-mindguide.com\/product\/die-kunst-des-loslassens\/#breadcrumb\",\"itemListElement\":[{\"@type\":\"ListItem\",\"position\":1,\"name\":\"Home\",\"item\":\"https:\/\/www.my-mindguide.com\/\"},{\"@type\":\"ListItem\",\"position\":2,\"name\":\"Shop\",\"item\":\"https:\/\/www.my-mindguide.com\/shop\/\"},{\"@type\":\"ListItem\",\"position\":3,\"name\":\"Die Kunst Des Loslassens\"}]},{\"@type\":\"WebSite\",\"@id\":\"https:\/\/www.my-mindguide.com\/de\/#website\",\"url\":\"https:\/\/www.my-mindguide.com\/de\/\",\"name\":\"My Mind Guide\",\"description\":\"Inspire! Create! Live!\",\"publisher\":{\"@id\":\"https:\/\/www.my-mindguide.com\/de\/#organization\"},\"potentialAction\":[{\"@type\":\"SearchAction\",\"target\":{\"@type\":\"EntryPoint\",\"urlTemplate\":\"https:\/\/www.my-mindguide.com\/de\/?s={search_term_string}\"},\"query-input\":{\"@type\":\"PropertyValueSpecification\",\"valueRequired\":true,\"valueName\":\"search_term_string\"}}],\"inLanguage\":\"de\"},{\"@type\":\"Organization\",\"@id\":\"https:\/\/www.my-mindguide.com\/de\/#organization\",\"name\":\"Kurt Friedrich Gassner Author\",\"url\":\"https:\/\/www.my-mindguide.com\/de\/\",\"logo\":{\"@type\":\"ImageObject\",\"inLanguage\":\"de\",\"@id\":\"https:\/\/www.my-mindguide.com\/de\/#\/schema\/logo\/image\/\",\"url\":\"https:\/\/www.my-mindguide.com\/wp-content\/uploads\/2021\/10\/logo.svg\",\"contentUrl\":\"https:\/\/www.my-mindguide.com\/wp-content\/uploads\/2021\/10\/logo.svg\",\"width\":491,\"height\":91,\"caption\":\"Kurt Friedrich Gassner Author\"},\"image\":{\"@id\":\"https:\/\/www.my-mindguide.com\/de\/#\/schema\/logo\/image\/\"},\"sameAs\":[\"https:\/\/www.instagram.com\/autormindguide\/\"]}]}<\/script>\n<!-- \/ Yoast SEO plugin. -->","yoast_head_json":{"title":"Die Kunst des Loslassens | Selbsthilfe E-Book von Kurt Gassner | My-Mindguide.com","description":"Entdecken Sie 'Die Kunst des Loslassens' \u2013 ein inspirierendes Selbsthilfe E-Book von Kurt Gassner. Jetzt auf My-Mindguide.com erh\u00e4ltlich.","robots":{"index":"index","follow":"follow","max-snippet":"max-snippet:-1","max-image-preview":"max-image-preview:large","max-video-preview":"max-video-preview:-1"},"canonical":"https:\/\/www.my-mindguide.com\/de\/produkt\/die-kunst-des-loslassens\/","og_locale":"de_DE","og_type":"article","og_title":"Die Kunst des Loslassens | Selbsthilfe E-Book von Kurt Gassner | My-Mindguide.com","og_description":"Entdecken Sie 'Die Kunst des Loslassens' \u2013 ein inspirierendes Selbsthilfe E-Book von Kurt Gassner. Jetzt auf My-Mindguide.com erh\u00e4ltlich.","og_url":"https:\/\/www.my-mindguide.com\/de\/produkt\/die-kunst-des-loslassens\/","og_site_name":"My-Mindguide.com","article_modified_time":"2025-04-30T10:46:00+00:00","og_image":[{"width":400,"height":400,"url":"https:\/\/www.my-mindguide.com\/wp-content\/uploads\/2025\/04\/Die-Kunst-des-losslassens-2.png","type":"image\/png"}],"twitter_card":"summary_large_image","twitter_misc":{"Gesch\u00e4tzte Lesezeit":"2\u00a0Minuten"},"schema":{"@context":"https:\/\/schema.org","@graph":[{"@type":"WebPage","@id":"https:\/\/www.my-mindguide.com\/product\/die-kunst-des-loslassens\/","url":"https:\/\/www.my-mindguide.com\/product\/die-kunst-des-loslassens\/","name":"Die Kunst des Loslassens | Selbsthilfe E-Book von Kurt Gassner | My-Mindguide.com","isPartOf":{"@id":"https:\/\/www.my-mindguide.com\/de\/#website"},"primaryImageOfPage":{"@id":"https:\/\/www.my-mindguide.com\/product\/die-kunst-des-loslassens\/#primaryimage"},"image":{"@id":"https:\/\/www.my-mindguide.com\/product\/die-kunst-des-loslassens\/#primaryimage"},"thumbnailUrl":"https:\/\/www.my-mindguide.com\/wp-content\/uploads\/2025\/04\/Die-Kunst-des-losslassens-2.png","datePublished":"2025-04-15T14:37:55+00:00","dateModified":"2025-04-30T10:46:00+00:00","description":"Entdecken Sie 'Die Kunst des Loslassens' \u2013 ein inspirierendes Selbsthilfe E-Book von Kurt Gassner. Jetzt auf My-Mindguide.com erh\u00e4ltlich.","breadcrumb":{"@id":"https:\/\/www.my-mindguide.com\/product\/die-kunst-des-loslassens\/#breadcrumb"},"inLanguage":"de","potentialAction":[{"@type":"ReadAction","target":["https:\/\/www.my-mindguide.com\/product\/die-kunst-des-loslassens\/"]}]},{"@type":"ImageObject","inLanguage":"de","@id":"https:\/\/www.my-mindguide.com\/product\/die-kunst-des-loslassens\/#primaryimage","url":"https:\/\/www.my-mindguide.com\/wp-content\/uploads\/2025\/04\/Die-Kunst-des-losslassens-2.png","contentUrl":"https:\/\/www.my-mindguide.com\/wp-content\/uploads\/2025\/04\/Die-Kunst-des-losslassens-2.png","width":400,"height":400},{"@type":"BreadcrumbList","@id":"https:\/\/www.my-mindguide.com\/product\/die-kunst-des-loslassens\/#breadcrumb","itemListElement":[{"@type":"ListItem","position":1,"name":"Home","item":"https:\/\/www.my-mindguide.com\/"},{"@type":"ListItem","position":2,"name":"Shop","item":"https:\/\/www.my-mindguide.com\/shop\/"},{"@type":"ListItem","position":3,"name":"Die Kunst Des Loslassens"}]},{"@type":"WebSite","@id":"https:\/\/www.my-mindguide.com\/de\/#website","url":"https:\/\/www.my-mindguide.com\/de\/","name":"My Mind Guide","description":"Inspire! Create! Live!","publisher":{"@id":"https:\/\/www.my-mindguide.com\/de\/#organization"},"potentialAction":[{"@type":"SearchAction","target":{"@type":"EntryPoint","urlTemplate":"https:\/\/www.my-mindguide.com\/de\/?s={search_term_string}"},"query-input":{"@type":"PropertyValueSpecification","valueRequired":true,"valueName":"search_term_string"}}],"inLanguage":"de"},{"@type":"Organization","@id":"https:\/\/www.my-mindguide.com\/de\/#organization","name":"Kurt Friedrich Gassner Author","url":"https:\/\/www.my-mindguide.com\/de\/","logo":{"@type":"ImageObject","inLanguage":"de","@id":"https:\/\/www.my-mindguide.com\/de\/#\/schema\/logo\/image\/","url":"https:\/\/www.my-mindguide.com\/wp-content\/uploads\/2021\/10\/logo.svg","contentUrl":"https:\/\/www.my-mindguide.com\/wp-content\/uploads\/2021\/10\/logo.svg","width":491,"height":91,"caption":"Kurt Friedrich Gassner Author"},"image":{"@id":"https:\/\/www.my-mindguide.com\/de\/#\/schema\/logo\/image\/"},"sameAs":["https:\/\/www.instagram.com\/autormindguide\/"]}]}},"_links":{"self":[{"href":"https:\/\/www.my-mindguide.com\/de\/wp-json\/wp\/v2\/product\/2712","targetHints":{"allow":["GET"]}}],"collection":[{"href":"https:\/\/www.my-mindguide.com\/de\/wp-json\/wp\/v2\/product"}],"about":[{"href":"https:\/\/www.my-mindguide.com\/de\/wp-json\/wp\/v2\/types\/product"}],"replies":[{"embeddable":true,"href":"https:\/\/www.my-mindguide.com\/de\/wp-json\/wp\/v2\/comments?post=2712"}],"wp:featuredmedia":[{"embeddable":true,"href":"https:\/\/www.my-mindguide.com\/de\/wp-json\/wp\/v2\/media\/2732"}],"wp:attachment":[{"href":"https:\/\/www.my-mindguide.com\/de\/wp-json\/wp\/v2\/media?parent=2712"}],"wp:term":[{"taxonomy":"product_brand","embeddable":true,"href":"https:\/\/www.my-mindguide.com\/de\/wp-json\/wp\/v2\/product_brand?post=2712"},{"taxonomy":"product_cat","embeddable":true,"href":"https:\/\/www.my-mindguide.com\/de\/wp-json\/wp\/v2\/product_cat?post=2712"},{"taxonomy":"product_tag","embeddable":true,"href":"https:\/\/www.my-mindguide.com\/de\/wp-json\/wp\/v2\/product_tag?post=2712"}],"curies":[{"name":"wp","href":"https:\/\/api.w.org\/{rel}","templated":true}]}}